{"id":886,"date":"2020-02-27T12:16:36","date_gmt":"2020-02-27T11:16:36","guid":{"rendered":"https:\/\/www.incod.es\/servicios\/"},"modified":"2020-07-07T17:08:23","modified_gmt":"2020-07-07T15:08:23","slug":"consultoria","status":"publish","type":"page","link":"https:\/\/www.incod.es\/ca\/consultoria\/","title":{"rendered":"SERVEIS DE CONSULTORIA"},"content":{"rendered":"\t\t<div data-elementor-type=\"wp-page\" data-elementor-id=\"886\" class=\"elementor elementor-886 elementor-238\">\n\t\t\t\t\t\t<section class=\"elementor-section elementor-top-section elementor-element elementor-element-33d86cdc elementor-section-boxed elementor-section-height-default elementor-section-height-default\" data-id=\"33d86cdc\" data-element_type=\"section\" data-e-type=\"section\">\n\t\t\t\t\t\t<div class=\"elementor-container elementor-column-gap-default\">\n\t\t\t\t\t<div class=\"elementor-column elementor-col-100 elementor-top-column elementor-element elementor-element-1eef1223\" data-id=\"1eef1223\" data-element_type=\"column\" data-e-type=\"column\">\n\t\t\t<div class=\"elementor-widget-wrap elementor-element-populated\">\n\t\t\t\t\t\t<div class=\"elementor-element elementor-element-28c7b685 elementor-widget elementor-widget-text-editor\" data-id=\"28c7b685\" data-element_type=\"widget\" data-e-type=\"widget\" data-widget_type=\"text-editor.default\">\n\t\t\t\t<div class=\"elementor-widget-container\">\n\t\t\t\t\t\t\t\t\t\n<p><span lang=\"en-US\">Som consultors especialitzats en tot tipus de solucions software<\/span>.<\/p>\n\t\t\t\t\t\t\t\t<\/div>\n\t\t\t\t<\/div>\n\t\t\t\t\t<\/div>\n\t\t<\/div>\n\t\t\t\t\t<\/div>\n\t\t<\/section>\n\t\t\t\t<section class=\"elementor-section elementor-top-section elementor-element elementor-element-3862a90 elementor-section-boxed elementor-section-height-default elementor-section-height-default\" data-id=\"3862a90\" data-element_type=\"section\" data-e-type=\"section\">\n\t\t\t\t\t\t<div class=\"elementor-container elementor-column-gap-default\">\n\t\t\t\t\t<div class=\"elementor-column elementor-col-33 elementor-top-column elementor-element elementor-element-2a7541d\" data-id=\"2a7541d\" data-element_type=\"column\" data-e-type=\"column\">\n\t\t\t<div class=\"elementor-widget-wrap elementor-element-populated\">\n\t\t\t\t\t\t<div class=\"elementor-element elementor-element-7c0e7c1 elementor-view-default elementor-position-block-start elementor-mobile-position-block-start elementor-widget elementor-widget-icon-box\" data-id=\"7c0e7c1\" data-element_type=\"widget\" data-e-type=\"widget\" data-widget_type=\"icon-box.default\">\n\t\t\t\t<div class=\"elementor-widget-container\">\n\t\t\t\t\t\t\t<div class=\"elementor-icon-box-wrapper\">\n\n\t\t\t\t\t\t<div class=\"elementor-icon-box-icon\">\n\t\t\t\t<span  class=\"elementor-icon\">\n\t\t\t\t<i aria-hidden=\"true\" class=\"fas fa-bezier-curve\"><\/i>\t\t\t\t<\/span>\n\t\t\t<\/div>\n\t\t\t\n\t\t\t\t\t\t<div class=\"elementor-icon-box-content\">\n\n\t\t\t\t\n\t\t\t\t\t\t\t\t\t<p class=\"elementor-icon-box-description\">\n\t\t\t\t\t\tImplantaci\u00f3 de sistema d\u2019identificaci\u00f3 i tra\u00e7abilitat de productes\t\t\t\t\t<\/p>\n\t\t\t\t\n\t\t\t<\/div>\n\t\t\t\n\t\t<\/div>\n\t\t\t\t\t\t<\/div>\n\t\t\t\t<\/div>\n\t\t\t\t\t<\/div>\n\t\t<\/div>\n\t\t\t\t<div class=\"elementor-column elementor-col-33 elementor-top-column elementor-element elementor-element-6f0d6f5\" data-id=\"6f0d6f5\" data-element_type=\"column\" data-e-type=\"column\">\n\t\t\t<div class=\"elementor-widget-wrap elementor-element-populated\">\n\t\t\t\t\t\t<div class=\"elementor-element elementor-element-65fea6d elementor-view-default elementor-position-block-start elementor-mobile-position-block-start elementor-widget elementor-widget-icon-box\" data-id=\"65fea6d\" data-element_type=\"widget\" data-e-type=\"widget\" data-widget_type=\"icon-box.default\">\n\t\t\t\t<div class=\"elementor-widget-container\">\n\t\t\t\t\t\t\t<div class=\"elementor-icon-box-wrapper\">\n\n\t\t\t\t\t\t<div class=\"elementor-icon-box-icon\">\n\t\t\t\t<span  class=\"elementor-icon\">\n\t\t\t\t<i aria-hidden=\"true\" class=\"fas fa-cogs\"><\/i>\t\t\t\t<\/span>\n\t\t\t<\/div>\n\t\t\t\n\t\t\t\t\t\t<div class=\"elementor-icon-box-content\">\n\n\t\t\t\t\n\t\t\t\t\t\t\t\t\t<p class=\"elementor-icon-box-description\">\n\t\t\t\t\t\t Automatitzaci\u00f3 de processos d\u2019identificaci\u00f3 i tra\u00e7abilitat\t\t\t\t\t<\/p>\n\t\t\t\t\n\t\t\t<\/div>\n\t\t\t\n\t\t<\/div>\n\t\t\t\t\t\t<\/div>\n\t\t\t\t<\/div>\n\t\t\t\t\t<\/div>\n\t\t<\/div>\n\t\t\t\t<div class=\"elementor-column elementor-col-33 elementor-top-column elementor-element elementor-element-1e2eb63\" data-id=\"1e2eb63\" data-element_type=\"column\" data-e-type=\"column\">\n\t\t\t<div class=\"elementor-widget-wrap elementor-element-populated\">\n\t\t\t\t\t\t<div class=\"elementor-element elementor-element-1ebc4e5 elementor-view-default elementor-position-block-start elementor-mobile-position-block-start elementor-widget elementor-widget-icon-box\" data-id=\"1ebc4e5\" data-element_type=\"widget\" data-e-type=\"widget\" data-widget_type=\"icon-box.default\">\n\t\t\t\t<div class=\"elementor-widget-container\">\n\t\t\t\t\t\t\t<div class=\"elementor-icon-box-wrapper\">\n\n\t\t\t\t\t\t<div class=\"elementor-icon-box-icon\">\n\t\t\t\t<span  class=\"elementor-icon\">\n\t\t\t\t<i aria-hidden=\"true\" class=\"far fa-lightbulb\"><\/i>\t\t\t\t<\/span>\n\t\t\t<\/div>\n\t\t\t\n\t\t\t\t\t\t<div class=\"elementor-icon-box-content\">\n\n\t\t\t\t\n\t\t\t\t\t\t\t\t\t<p class=\"elementor-icon-box-description\">\n\t\t\t\t\t\t Investigaci\u00f3 i desenvolupament (I+D+i) de nous productes i tecnologies\t\t\t\t\t\t                \t                    \t  \n                  \t             \n               \t\t\t\t\t<\/p>\n\t\t\t\t\n\t\t\t<\/div>\n\t\t\t\n\t\t<\/div>\n\t\t\t\t\t\t<\/div>\n\t\t\t\t<\/div>\n\t\t\t\t\t<\/div>\n\t\t<\/div>\n\t\t\t\t\t<\/div>\n\t\t<\/section>\n\t\t\t\t<\/div>\n\t\t","protected":false},"excerpt":{"rendered":"<p>Som consultors especialitzats en tot tipus de solucions software. Implantaci\u00f3 de sistema d\u2019identificaci\u00f3 i tra\u00e7abilitat de productes Automatitzaci\u00f3 de processos d\u2019identificaci\u00f3 i tra\u00e7abilitat Investigaci\u00f3 i desenvolupament (I+D+i) de nous productes i tecnologies<\/p>\n","protected":false},"author":1,"featured_media":0,"parent":0,"menu_order":0,"comment_status":"closed","ping_status":"closed","template":"","meta":{"footnotes":""},"class_list":{"0":"post-886","1":"page","2":"type-page","3":"status-publish","5":"no-featured-image-padding"},"yoast_head":"<!-- This site is optimized with the Yoast SEO plugin v27.4 - https:\/\/yoast.com\/product\/yoast-seo-wordpress\/ -->\n<title>SERVEIS DE CONSULTORIA - Incod ID technological_solutions<\/title>\n<meta name=\"robots\" content=\"index, follow, max-snippet:-1, max-image-preview:large, max-video-preview:-1\" \/>\n<link rel=\"canonical\" href=\"https:\/\/www.incod.es\/ca\/consultoria\/\" \/>\n<meta property=\"og:locale\" content=\"ca_ES\" \/>\n<meta property=\"og:type\" content=\"article\" \/>\n<meta property=\"og:title\" content=\"SERVEIS DE CONSULTORIA - Incod ID technological_solutions\" \/>\n<meta property=\"og:description\" content=\"Som consultors especialitzats en tot tipus de solucions software. Implantaci\u00f3 de sistema d\u2019identificaci\u00f3 i tra\u00e7abilitat de productes Automatitzaci\u00f3 de processos d\u2019identificaci\u00f3 i tra\u00e7abilitat Investigaci\u00f3 i desenvolupament (I+D+i) de nous productes i tecnologies\" \/>\n<meta property=\"og:url\" content=\"https:\/\/www.incod.es\/ca\/consultoria\/\" \/>\n<meta property=\"og:site_name\" content=\"Incod ID technological_solutions\" \/>\n<meta property=\"article:modified_time\" content=\"2020-07-07T15:08:23+00:00\" \/>\n<meta name=\"twitter:card\" content=\"summary_large_image\" \/>\n<script type=\"application\/ld+json\" class=\"yoast-schema-graph\">{\"@context\":\"https:\\\/\\\/schema.org\",\"@graph\":[{\"@type\":\"WebPage\",\"@id\":\"https:\\\/\\\/www.incod.es\\\/ca\\\/consultoria\\\/\",\"url\":\"https:\\\/\\\/www.incod.es\\\/ca\\\/consultoria\\\/\",\"name\":\"SERVEIS DE CONSULTORIA - Incod ID technological_solutions\",\"isPartOf\":{\"@id\":\"https:\\\/\\\/www.incod.es\\\/#website\"},\"datePublished\":\"2020-02-27T11:16:36+00:00\",\"dateModified\":\"2020-07-07T15:08:23+00:00\",\"breadcrumb\":{\"@id\":\"https:\\\/\\\/www.incod.es\\\/ca\\\/consultoria\\\/#breadcrumb\"},\"inLanguage\":\"ca\",\"potentialAction\":[{\"@type\":\"ReadAction\",\"target\":[\"https:\\\/\\\/www.incod.es\\\/ca\\\/consultoria\\\/\"]}]},{\"@type\":\"BreadcrumbList\",\"@id\":\"https:\\\/\\\/www.incod.es\\\/ca\\\/consultoria\\\/#breadcrumb\",\"itemListElement\":[{\"@type\":\"ListItem\",\"position\":1,\"name\":\"Portada\",\"item\":\"https:\\\/\\\/www.incod.es\\\/ca\\\/\"},{\"@type\":\"ListItem\",\"position\":2,\"name\":\"SERVEIS DE CONSULTORIA\"}]},{\"@type\":\"WebSite\",\"@id\":\"https:\\\/\\\/www.incod.es\\\/#website\",\"url\":\"https:\\\/\\\/www.incod.es\\\/\",\"name\":\"Incod ID technological_solutions\",\"description\":\"Software para la industria de etiquetaje, trazabilidad y gestion almacenes\",\"publisher\":{\"@id\":\"https:\\\/\\\/www.incod.es\\\/#organization\"},\"potentialAction\":[{\"@type\":\"SearchAction\",\"target\":{\"@type\":\"EntryPoint\",\"urlTemplate\":\"https:\\\/\\\/www.incod.es\\\/?s={search_term_string}\"},\"query-input\":{\"@type\":\"PropertyValueSpecification\",\"valueRequired\":true,\"valueName\":\"search_term_string\"}}],\"inLanguage\":\"ca\"},{\"@type\":\"Organization\",\"@id\":\"https:\\\/\\\/www.incod.es\\\/#organization\",\"name\":\"Incod ID technological_solutions\",\"url\":\"https:\\\/\\\/www.incod.es\\\/\",\"logo\":{\"@type\":\"ImageObject\",\"inLanguage\":\"ca\",\"@id\":\"https:\\\/\\\/www.incod.es\\\/#\\\/schema\\\/logo\\\/image\\\/\",\"url\":\"https:\\\/\\\/www.incod.es\\\/wp-content\\\/uploads\\\/2024\\\/09\\\/cropped-incod_logo_nou.png\",\"contentUrl\":\"https:\\\/\\\/www.incod.es\\\/wp-content\\\/uploads\\\/2024\\\/09\\\/cropped-incod_logo_nou.png\",\"width\":4586,\"height\":1105,\"caption\":\"Incod ID technological_solutions\"},\"image\":{\"@id\":\"https:\\\/\\\/www.incod.es\\\/#\\\/schema\\\/logo\\\/image\\\/\"}}]}<\/script>\n<!-- \/ Yoast SEO plugin. -->","yoast_head_json":{"title":"SERVEIS DE CONSULTORIA - Incod ID technological_solutions","robots":{"index":"index","follow":"follow","max-snippet":"max-snippet:-1","max-image-preview":"max-image-preview:large","max-video-preview":"max-video-preview:-1"},"canonical":"https:\/\/www.incod.es\/ca\/consultoria\/","og_locale":"ca_ES","og_type":"article","og_title":"SERVEIS DE CONSULTORIA - Incod ID technological_solutions","og_description":"Som consultors especialitzats en tot tipus de solucions software. Implantaci\u00f3 de sistema d\u2019identificaci\u00f3 i tra\u00e7abilitat de productes Automatitzaci\u00f3 de processos d\u2019identificaci\u00f3 i tra\u00e7abilitat Investigaci\u00f3 i desenvolupament (I+D+i) de nous productes i tecnologies","og_url":"https:\/\/www.incod.es\/ca\/consultoria\/","og_site_name":"Incod ID technological_solutions","article_modified_time":"2020-07-07T15:08:23+00:00","twitter_card":"summary_large_image","schema":{"@context":"https:\/\/schema.org","@graph":[{"@type":"WebPage","@id":"https:\/\/www.incod.es\/ca\/consultoria\/","url":"https:\/\/www.incod.es\/ca\/consultoria\/","name":"SERVEIS DE CONSULTORIA - Incod ID technological_solutions","isPartOf":{"@id":"https:\/\/www.incod.es\/#website"},"datePublished":"2020-02-27T11:16:36+00:00","dateModified":"2020-07-07T15:08:23+00:00","breadcrumb":{"@id":"https:\/\/www.incod.es\/ca\/consultoria\/#breadcrumb"},"inLanguage":"ca","potentialAction":[{"@type":"ReadAction","target":["https:\/\/www.incod.es\/ca\/consultoria\/"]}]},{"@type":"BreadcrumbList","@id":"https:\/\/www.incod.es\/ca\/consultoria\/#breadcrumb","itemListElement":[{"@type":"ListItem","position":1,"name":"Portada","item":"https:\/\/www.incod.es\/ca\/"},{"@type":"ListItem","position":2,"name":"SERVEIS DE CONSULTORIA"}]},{"@type":"WebSite","@id":"https:\/\/www.incod.es\/#website","url":"https:\/\/www.incod.es\/","name":"Incod ID technological_solutions","description":"Software para la industria de etiquetaje, trazabilidad y gestion almacenes","publisher":{"@id":"https:\/\/www.incod.es\/#organization"},"potentialAction":[{"@type":"SearchAction","target":{"@type":"EntryPoint","urlTemplate":"https:\/\/www.incod.es\/?s={search_term_string}"},"query-input":{"@type":"PropertyValueSpecification","valueRequired":true,"valueName":"search_term_string"}}],"inLanguage":"ca"},{"@type":"Organization","@id":"https:\/\/www.incod.es\/#organization","name":"Incod ID technological_solutions","url":"https:\/\/www.incod.es\/","logo":{"@type":"ImageObject","inLanguage":"ca","@id":"https:\/\/www.incod.es\/#\/schema\/logo\/image\/","url":"https:\/\/www.incod.es\/wp-content\/uploads\/2024\/09\/cropped-incod_logo_nou.png","contentUrl":"https:\/\/www.incod.es\/wp-content\/uploads\/2024\/09\/cropped-incod_logo_nou.png","width":4586,"height":1105,"caption":"Incod ID technological_solutions"},"image":{"@id":"https:\/\/www.incod.es\/#\/schema\/logo\/image\/"}}]}},"_links":{"self":[{"href":"https:\/\/www.incod.es\/ca\/wp-json\/wp\/v2\/pages\/886","targetHints":{"allow":["GET"]}}],"collection":[{"href":"https:\/\/www.incod.es\/ca\/wp-json\/wp\/v2\/pages"}],"about":[{"href":"https:\/\/www.incod.es\/ca\/wp-json\/wp\/v2\/types\/page"}],"author":[{"embeddable":true,"href":"https:\/\/www.incod.es\/ca\/wp-json\/wp\/v2\/users\/1"}],"replies":[{"embeddable":true,"href":"https:\/\/www.incod.es\/ca\/wp-json\/wp\/v2\/comments?post=886"}],"version-history":[{"count":3,"href":"https:\/\/www.incod.es\/ca\/wp-json\/wp\/v2\/pages\/886\/revisions"}],"predecessor-version":[{"id":959,"href":"https:\/\/www.incod.es\/ca\/wp-json\/wp\/v2\/pages\/886\/revisions\/959"}],"wp:attachment":[{"href":"https:\/\/www.incod.es\/ca\/wp-json\/wp\/v2\/media?parent=886"}],"curies":[{"name":"wp","href":"https:\/\/api.w.org\/{rel}","templated":true}]}}