{"id":882,"date":"2020-02-27T12:22:13","date_gmt":"2020-02-27T11:22:13","guid":{"rendered":"https:\/\/www.incod.es\/quienes-somos\/"},"modified":"2020-07-15T15:54:10","modified_gmt":"2020-07-15T13:54:10","slug":"qui-som","status":"publish","type":"page","link":"https:\/\/www.incod.es\/ca\/qui-som\/","title":{"rendered":"Qui som"},"content":{"rendered":"\n<p>INCOD ID Technological Solutions \u00e9s una companyia que ofereix solucions software per a la identificaci\u00f3, monitoritzaci\u00f3 i tra\u00e7abilitat de productes.<\/p>\n\n\n\n<p>Som una empresa de m\u00e9s de 20 anys d&#8217;experi\u00e8ncia en el sector de la identificaci\u00f3 i tra\u00e7abilitat, realitzant projectes en diversos sectors (alimentaci\u00f3, salut, farmac\u00e8utic, log\u00edstic, automoci\u00f3, etc.).<\/p>\n\n\n\n<p>Crear un equip amb els millors professionals del mercat ha estat la clau de la nostra evoluci\u00f3 i \u00e8xit.<\/p>\n\n\n\n<h2 class=\"wp-block-heading\"> Creem solucions<\/h2>\n\n\n\n<p>Som especialistes en solucions software per a la identificaci\u00f3, monitoritzaci\u00f3 i tra\u00e7abilitat de productes. Tenim una gran experi\u00e8ncia en:<\/p>\n\n\n\n<ul class=\"wp-block-list\"><li>Desenvolupament programari est\u00e0ndard i a mida, compatibilitat amb sistemes d&#8217;impressi\u00f3 i captura de dades, aplicant tecnologia RFID.<\/li><li>Desenvolupament de software d&#8217;etiquetatge i\/o marcatge de tot tipus de l\u00ednies de producci\u00f3.<\/li><li>Desenvolupament de software de captaci\u00f3 de dades per a tot tipus de dispositius m\u00f2bils (PDA, TabletPC, telefonia m\u00f2bil, etc.).<\/li><li>Desenvolupament de software d&#8217;identificaci\u00f3 mitjan\u00e7ant lector de codis de barres i visi\u00f3 artificial.<\/li><li>Desenvolupament d&#8217;utilitats per a programari de gesti\u00f3 de magatzem (suport a ERP, SGA, etc).<\/li><li>Prestem serveis de consultoria per a la implantaci\u00f3 de sistemes d&#8217;identificaci\u00f3 en tota la cadena productiva i log\u00edstica.<\/li><\/ul>\n\n\n\n<p>A causa de la nostra experi\u00e8ncia en diversos sectors podem oferir la millor soluci\u00f3 utilitzant la tecnologia m\u00e9s adequada.<\/p>\n\n\n\n<p>S\u00f3n nombrosos casos d&#8217;\u00e8xit dels que avalen la nostra professionalitat i efic\u00e0cia implantant les nostres solucions.<\/p>\n\n\n\n<h2 class=\"wp-block-heading\"> <\/h2>\n\n\n\n<p><\/p>\n","protected":false},"excerpt":{"rendered":"<p>INCOD ID Technological Solutions \u00e9s una companyia que ofereix solucions software per a la identificaci\u00f3, monitoritzaci\u00f3 i tra\u00e7abilitat de productes. Som una empresa de m\u00e9s de 20 anys d&#8217;experi\u00e8ncia en el sector de la identificaci\u00f3 i tra\u00e7abilitat, realitzant projectes en diversos sectors (alimentaci\u00f3, salut, farmac\u00e8utic, log\u00edstic, automoci\u00f3, etc.). Crear un equip amb els millors professionals &#8230; <\/p>\n<p class=\"read-more-container\"><a title=\"Qui som\" class=\"read-more button\" href=\"https:\/\/www.incod.es\/ca\/qui-som\/#more-882\">Continue<span class=\"screen-reader-text\">Qui som<\/span><\/a><\/p>\n","protected":false},"author":1,"featured_media":0,"parent":0,"menu_order":0,"comment_status":"closed","ping_status":"closed","template":"","meta":{"footnotes":""},"class_list":{"0":"post-882","1":"page","2":"type-page","3":"status-publish","5":"no-featured-image-padding"},"yoast_head":"<!-- This site is optimized with the Yoast SEO plugin v27.4 - https:\/\/yoast.com\/product\/yoast-seo-wordpress\/ -->\n<title>Qui som - Incod ID technological_solutions<\/title>\n<meta name=\"robots\" content=\"index, follow, max-snippet:-1, max-image-preview:large, max-video-preview:-1\" \/>\n<link rel=\"canonical\" href=\"https:\/\/www.incod.es\/ca\/qui-som\/\" \/>\n<meta property=\"og:locale\" content=\"ca_ES\" \/>\n<meta property=\"og:type\" content=\"article\" \/>\n<meta property=\"og:title\" content=\"Qui som - Incod ID technological_solutions\" \/>\n<meta property=\"og:description\" content=\"INCOD ID Technological Solutions \u00e9s una companyia que ofereix solucions software per a la identificaci\u00f3, monitoritzaci\u00f3 i tra\u00e7abilitat de productes. Som una empresa de m\u00e9s de 20 anys d&#8217;experi\u00e8ncia en el sector de la identificaci\u00f3 i tra\u00e7abilitat, realitzant projectes en diversos sectors (alimentaci\u00f3, salut, farmac\u00e8utic, log\u00edstic, automoci\u00f3, etc.). Crear un equip amb els millors professionals ... ContinueQui som\" \/>\n<meta property=\"og:url\" content=\"https:\/\/www.incod.es\/ca\/qui-som\/\" \/>\n<meta property=\"og:site_name\" content=\"Incod ID technological_solutions\" \/>\n<meta property=\"article:modified_time\" content=\"2020-07-15T13:54:10+00:00\" \/>\n<meta name=\"twitter:card\" content=\"summary_large_image\" \/>\n<meta name=\"twitter:label1\" content=\"Temps estimat de lectura\" \/>\n\t<meta name=\"twitter:data1\" content=\"1 minut\" \/>\n<script type=\"application\/ld+json\" class=\"yoast-schema-graph\">{\"@context\":\"https:\\\/\\\/schema.org\",\"@graph\":[{\"@type\":\"WebPage\",\"@id\":\"https:\\\/\\\/www.incod.es\\\/ca\\\/qui-som\\\/\",\"url\":\"https:\\\/\\\/www.incod.es\\\/ca\\\/qui-som\\\/\",\"name\":\"Qui som - Incod ID technological_solutions\",\"isPartOf\":{\"@id\":\"https:\\\/\\\/www.incod.es\\\/#website\"},\"datePublished\":\"2020-02-27T11:22:13+00:00\",\"dateModified\":\"2020-07-15T13:54:10+00:00\",\"breadcrumb\":{\"@id\":\"https:\\\/\\\/www.incod.es\\\/ca\\\/qui-som\\\/#breadcrumb\"},\"inLanguage\":\"ca\",\"potentialAction\":[{\"@type\":\"ReadAction\",\"target\":[\"https:\\\/\\\/www.incod.es\\\/ca\\\/qui-som\\\/\"]}]},{\"@type\":\"BreadcrumbList\",\"@id\":\"https:\\\/\\\/www.incod.es\\\/ca\\\/qui-som\\\/#breadcrumb\",\"itemListElement\":[{\"@type\":\"ListItem\",\"position\":1,\"name\":\"Portada\",\"item\":\"https:\\\/\\\/www.incod.es\\\/ca\\\/\"},{\"@type\":\"ListItem\",\"position\":2,\"name\":\"Qui som\"}]},{\"@type\":\"WebSite\",\"@id\":\"https:\\\/\\\/www.incod.es\\\/#website\",\"url\":\"https:\\\/\\\/www.incod.es\\\/\",\"name\":\"Incod ID technological_solutions\",\"description\":\"Software para la industria de etiquetaje, trazabilidad y gestion almacenes\",\"publisher\":{\"@id\":\"https:\\\/\\\/www.incod.es\\\/#organization\"},\"potentialAction\":[{\"@type\":\"SearchAction\",\"target\":{\"@type\":\"EntryPoint\",\"urlTemplate\":\"https:\\\/\\\/www.incod.es\\\/?s={search_term_string}\"},\"query-input\":{\"@type\":\"PropertyValueSpecification\",\"valueRequired\":true,\"valueName\":\"search_term_string\"}}],\"inLanguage\":\"ca\"},{\"@type\":\"Organization\",\"@id\":\"https:\\\/\\\/www.incod.es\\\/#organization\",\"name\":\"Incod ID technological_solutions\",\"url\":\"https:\\\/\\\/www.incod.es\\\/\",\"logo\":{\"@type\":\"ImageObject\",\"inLanguage\":\"ca\",\"@id\":\"https:\\\/\\\/www.incod.es\\\/#\\\/schema\\\/logo\\\/image\\\/\",\"url\":\"https:\\\/\\\/www.incod.es\\\/wp-content\\\/uploads\\\/2024\\\/09\\\/cropped-incod_logo_nou.png\",\"contentUrl\":\"https:\\\/\\\/www.incod.es\\\/wp-content\\\/uploads\\\/2024\\\/09\\\/cropped-incod_logo_nou.png\",\"width\":4586,\"height\":1105,\"caption\":\"Incod ID technological_solutions\"},\"image\":{\"@id\":\"https:\\\/\\\/www.incod.es\\\/#\\\/schema\\\/logo\\\/image\\\/\"}}]}<\/script>\n<!-- \/ Yoast SEO plugin. -->","yoast_head_json":{"title":"Qui som - Incod ID technological_solutions","robots":{"index":"index","follow":"follow","max-snippet":"max-snippet:-1","max-image-preview":"max-image-preview:large","max-video-preview":"max-video-preview:-1"},"canonical":"https:\/\/www.incod.es\/ca\/qui-som\/","og_locale":"ca_ES","og_type":"article","og_title":"Qui som - Incod ID technological_solutions","og_description":"INCOD ID Technological Solutions \u00e9s una companyia que ofereix solucions software per a la identificaci\u00f3, monitoritzaci\u00f3 i tra\u00e7abilitat de productes. Som una empresa de m\u00e9s de 20 anys d&#8217;experi\u00e8ncia en el sector de la identificaci\u00f3 i tra\u00e7abilitat, realitzant projectes en diversos sectors (alimentaci\u00f3, salut, farmac\u00e8utic, log\u00edstic, automoci\u00f3, etc.). Crear un equip amb els millors professionals ... ContinueQui som","og_url":"https:\/\/www.incod.es\/ca\/qui-som\/","og_site_name":"Incod ID technological_solutions","article_modified_time":"2020-07-15T13:54:10+00:00","twitter_card":"summary_large_image","twitter_misc":{"Temps estimat de lectura":"1 minut"},"schema":{"@context":"https:\/\/schema.org","@graph":[{"@type":"WebPage","@id":"https:\/\/www.incod.es\/ca\/qui-som\/","url":"https:\/\/www.incod.es\/ca\/qui-som\/","name":"Qui som - Incod ID technological_solutions","isPartOf":{"@id":"https:\/\/www.incod.es\/#website"},"datePublished":"2020-02-27T11:22:13+00:00","dateModified":"2020-07-15T13:54:10+00:00","breadcrumb":{"@id":"https:\/\/www.incod.es\/ca\/qui-som\/#breadcrumb"},"inLanguage":"ca","potentialAction":[{"@type":"ReadAction","target":["https:\/\/www.incod.es\/ca\/qui-som\/"]}]},{"@type":"BreadcrumbList","@id":"https:\/\/www.incod.es\/ca\/qui-som\/#breadcrumb","itemListElement":[{"@type":"ListItem","position":1,"name":"Portada","item":"https:\/\/www.incod.es\/ca\/"},{"@type":"ListItem","position":2,"name":"Qui som"}]},{"@type":"WebSite","@id":"https:\/\/www.incod.es\/#website","url":"https:\/\/www.incod.es\/","name":"Incod ID technological_solutions","description":"Software para la industria de etiquetaje, trazabilidad y gestion almacenes","publisher":{"@id":"https:\/\/www.incod.es\/#organization"},"potentialAction":[{"@type":"SearchAction","target":{"@type":"EntryPoint","urlTemplate":"https:\/\/www.incod.es\/?s={search_term_string}"},"query-input":{"@type":"PropertyValueSpecification","valueRequired":true,"valueName":"search_term_string"}}],"inLanguage":"ca"},{"@type":"Organization","@id":"https:\/\/www.incod.es\/#organization","name":"Incod ID technological_solutions","url":"https:\/\/www.incod.es\/","logo":{"@type":"ImageObject","inLanguage":"ca","@id":"https:\/\/www.incod.es\/#\/schema\/logo\/image\/","url":"https:\/\/www.incod.es\/wp-content\/uploads\/2024\/09\/cropped-incod_logo_nou.png","contentUrl":"https:\/\/www.incod.es\/wp-content\/uploads\/2024\/09\/cropped-incod_logo_nou.png","width":4586,"height":1105,"caption":"Incod ID technological_solutions"},"image":{"@id":"https:\/\/www.incod.es\/#\/schema\/logo\/image\/"}}]}},"_links":{"self":[{"href":"https:\/\/www.incod.es\/ca\/wp-json\/wp\/v2\/pages\/882","targetHints":{"allow":["GET"]}}],"collection":[{"href":"https:\/\/www.incod.es\/ca\/wp-json\/wp\/v2\/pages"}],"about":[{"href":"https:\/\/www.incod.es\/ca\/wp-json\/wp\/v2\/types\/page"}],"author":[{"embeddable":true,"href":"https:\/\/www.incod.es\/ca\/wp-json\/wp\/v2\/users\/1"}],"replies":[{"embeddable":true,"href":"https:\/\/www.incod.es\/ca\/wp-json\/wp\/v2\/comments?post=882"}],"version-history":[{"count":2,"href":"https:\/\/www.incod.es\/ca\/wp-json\/wp\/v2\/pages\/882\/revisions"}],"predecessor-version":[{"id":1015,"href":"https:\/\/www.incod.es\/ca\/wp-json\/wp\/v2\/pages\/882\/revisions\/1015"}],"wp:attachment":[{"href":"https:\/\/www.incod.es\/ca\/wp-json\/wp\/v2\/media?parent=882"}],"curies":[{"name":"wp","href":"https:\/\/api.w.org\/{rel}","templated":true}]}}