{"id":867,"date":"2020-02-27T17:57:06","date_gmt":"2020-02-27T16:57:06","guid":{"rendered":"https:\/\/www.incod.es\/desarrollo-de-software\/"},"modified":"2020-11-17T22:41:47","modified_gmt":"2020-11-17T21:41:47","slug":"desenvolupament-software","status":"publish","type":"page","link":"https:\/\/www.incod.es\/ca\/desenvolupament-software\/","title":{"rendered":"DESENVOLUPAMENT DE SOFTWARE"},"content":{"rendered":"\t\t<div data-elementor-type=\"wp-page\" data-elementor-id=\"867\" class=\"elementor elementor-867 elementor-315\">\n\t\t\t\t\t\t<section class=\"elementor-section elementor-top-section elementor-element elementor-element-ddc6e53 elementor-section-boxed elementor-section-height-default elementor-section-height-default\" data-id=\"ddc6e53\" data-element_type=\"section\" data-e-type=\"section\">\n\t\t\t\t\t\t<div class=\"elementor-container elementor-column-gap-default\">\n\t\t\t\t\t<div class=\"elementor-column elementor-col-100 elementor-top-column elementor-element elementor-element-c426698\" data-id=\"c426698\" data-element_type=\"column\" data-e-type=\"column\">\n\t\t\t<div class=\"elementor-widget-wrap elementor-element-populated\">\n\t\t\t\t\t\t<div class=\"elementor-element elementor-element-d432a64 elementor-widget elementor-widget-text-editor\" data-id=\"d432a64\" data-element_type=\"widget\" data-e-type=\"widget\" data-widget_type=\"text-editor.default\">\n\t\t\t\t<div class=\"elementor-widget-container\">\n\t\t\t\t\t\t\t\t\t<p><span lang=\"en-US\">Som especialistes en solucions software per la identificaci\u00f3, monitoritzaci\u00f3 i tra\u00e7abilitat de productes<\/span><\/p>\t\t\t\t\t\t\t\t<\/div>\n\t\t\t\t<\/div>\n\t\t\t\t\t<\/div>\n\t\t<\/div>\n\t\t\t\t\t<\/div>\n\t\t<\/section>\n\t\t\t\t<section class=\"elementor-section elementor-top-section elementor-element elementor-element-142b91d elementor-section-boxed elementor-section-height-default elementor-section-height-default\" data-id=\"142b91d\" data-element_type=\"section\" data-e-type=\"section\">\n\t\t\t\t\t\t<div class=\"elementor-container elementor-column-gap-default\">\n\t\t\t\t\t<div class=\"elementor-column elementor-col-33 elementor-top-column elementor-element elementor-element-049a493\" data-id=\"049a493\" data-element_type=\"column\" data-e-type=\"column\">\n\t\t\t<div class=\"elementor-widget-wrap elementor-element-populated\">\n\t\t\t\t\t\t<div class=\"elementor-element elementor-element-bf6809f elementor-position-top elementor-widget elementor-widget-image-box\" data-id=\"bf6809f\" data-element_type=\"widget\" data-e-type=\"widget\" data-widget_type=\"image-box.default\">\n\t\t\t\t<div class=\"elementor-widget-container\">\n\t\t\t\t\t<div class=\"elementor-image-box-wrapper\"><figure class=\"elementor-image-box-img\"><img decoding=\"async\" width=\"96\" height=\"96\" src=\"https:\/\/www.incod.es\/wp-content\/uploads\/2020\/05\/1-desarrollo-software-medida.jpg\" class=\"attachment-full size-full wp-image-513\" alt=\"Desarrollo de Software a medida\" \/><\/figure><div class=\"elementor-image-box-content\"><p class=\"elementor-image-box-description\">Desenvolupament del software personalitzat per la identificaci\u00f3 i tra\u00e7abilitat que marca la normativa GS1 (EAN128)        <\/p><\/div><\/div>\t\t\t\t<\/div>\n\t\t\t\t<\/div>\n\t\t\t\t\t<\/div>\n\t\t<\/div>\n\t\t\t\t<div class=\"elementor-column elementor-col-33 elementor-top-column elementor-element elementor-element-5dc70a0\" data-id=\"5dc70a0\" data-element_type=\"column\" data-e-type=\"column\">\n\t\t\t<div class=\"elementor-widget-wrap elementor-element-populated\">\n\t\t\t\t\t\t<div class=\"elementor-element elementor-element-76aadd8 elementor-position-top elementor-widget elementor-widget-image-box\" data-id=\"76aadd8\" data-element_type=\"widget\" data-e-type=\"widget\" data-widget_type=\"image-box.default\">\n\t\t\t\t<div class=\"elementor-widget-container\">\n\t\t\t\t\t<div class=\"elementor-image-box-wrapper\"><figure class=\"elementor-image-box-img\"><img decoding=\"async\" width=\"96\" height=\"96\" src=\"https:\/\/www.incod.es\/wp-content\/uploads\/2020\/05\/2-rfid.jpg\" class=\"attachment-full size-full wp-image-514\" alt=\"RFID\" \/><\/figure><div class=\"elementor-image-box-content\"><p class=\"elementor-image-box-description\">Desenvolupament de software a mida aplicant tecnologia RFID<\/p><\/div><\/div>\t\t\t\t<\/div>\n\t\t\t\t<\/div>\n\t\t\t\t\t<\/div>\n\t\t<\/div>\n\t\t\t\t<div class=\"elementor-column elementor-col-33 elementor-top-column elementor-element elementor-element-021e329\" data-id=\"021e329\" data-element_type=\"column\" data-e-type=\"column\">\n\t\t\t<div class=\"elementor-widget-wrap elementor-element-populated\">\n\t\t\t\t\t\t<div class=\"elementor-element elementor-element-d9c3ae7 elementor-position-top elementor-widget elementor-widget-image-box\" data-id=\"d9c3ae7\" data-element_type=\"widget\" data-e-type=\"widget\" data-widget_type=\"image-box.default\">\n\t\t\t\t<div class=\"elementor-widget-container\">\n\t\t\t\t\t<div class=\"elementor-image-box-wrapper\"><figure class=\"elementor-image-box-img\"><img decoding=\"async\" width=\"96\" height=\"96\" src=\"https:\/\/www.incod.es\/wp-content\/uploads\/2020\/05\/3-desarrollo-etiquetado.jpg\" class=\"attachment-full size-full wp-image-515\" alt=\"Desarrollo etiquetado\" \/><\/figure><div class=\"elementor-image-box-content\"><p class=\"elementor-image-box-description\">Desenvolupament de software d\u2019etiquetat i\/o marcatge per tot tipus de l\u00ednies de producci\u00f3<\/p><\/div><\/div>\t\t\t\t<\/div>\n\t\t\t\t<\/div>\n\t\t\t\t\t<\/div>\n\t\t<\/div>\n\t\t\t\t\t<\/div>\n\t\t<\/section>\n\t\t\t\t<section class=\"elementor-section elementor-top-section elementor-element elementor-element-5f8faca elementor-section-boxed elementor-section-height-default elementor-section-height-default\" data-id=\"5f8faca\" data-element_type=\"section\" data-e-type=\"section\">\n\t\t\t\t\t\t<div class=\"elementor-container elementor-column-gap-default\">\n\t\t\t\t\t<div class=\"elementor-column elementor-col-33 elementor-top-column elementor-element elementor-element-a63cbbb\" data-id=\"a63cbbb\" data-element_type=\"column\" data-e-type=\"column\">\n\t\t\t<div class=\"elementor-widget-wrap elementor-element-populated\">\n\t\t\t\t\t\t<div class=\"elementor-element elementor-element-36639ce elementor-position-top elementor-widget elementor-widget-image-box\" data-id=\"36639ce\" data-element_type=\"widget\" data-e-type=\"widget\" data-widget_type=\"image-box.default\">\n\t\t\t\t<div class=\"elementor-widget-container\">\n\t\t\t\t\t<div class=\"elementor-image-box-wrapper\"><figure class=\"elementor-image-box-img\"><img loading=\"lazy\" decoding=\"async\" width=\"96\" height=\"96\" src=\"https:\/\/www.incod.es\/wp-content\/uploads\/2020\/05\/4-desarrollo-software-movil.jpg\" class=\"attachment-full size-full wp-image-517\" alt=\"Desarrollo software movil\" \/><\/figure><div class=\"elementor-image-box-content\"><p class=\"elementor-image-box-description\">Desenvolupament de software de captaci\u00f3 de dades per tot tipus de dispositius m\u00f2bils (PDA, telefonia m\u00f2bil, etc\u2026) <\/p><\/div><\/div>\t\t\t\t<\/div>\n\t\t\t\t<\/div>\n\t\t\t\t\t<\/div>\n\t\t<\/div>\n\t\t\t\t<div class=\"elementor-column elementor-col-33 elementor-top-column elementor-element elementor-element-373457b\" data-id=\"373457b\" data-element_type=\"column\" data-e-type=\"column\">\n\t\t\t<div class=\"elementor-widget-wrap elementor-element-populated\">\n\t\t\t\t\t\t<div class=\"elementor-element elementor-element-25f297f elementor-position-top elementor-widget elementor-widget-image-box\" data-id=\"25f297f\" data-element_type=\"widget\" data-e-type=\"widget\" data-widget_type=\"image-box.default\">\n\t\t\t\t<div class=\"elementor-widget-container\">\n\t\t\t\t\t<div class=\"elementor-image-box-wrapper\"><figure class=\"elementor-image-box-img\"><img loading=\"lazy\" decoding=\"async\" width=\"96\" height=\"96\" src=\"https:\/\/www.incod.es\/wp-content\/uploads\/2020\/05\/5-desarrollo-software-identificacion.jpg\" class=\"attachment-full size-full wp-image-518\" alt=\"Desarrollo software identificacion\" \/><\/figure><div class=\"elementor-image-box-content\"><p class=\"elementor-image-box-description\">Desenvolupament de software d\u2019identificaci\u00f3 mitjan\u00e7ant lector de codis de barres i visi\u00f3 artificial<\/p><\/div><\/div>\t\t\t\t<\/div>\n\t\t\t\t<\/div>\n\t\t\t\t\t<\/div>\n\t\t<\/div>\n\t\t\t\t<div class=\"elementor-column elementor-col-33 elementor-top-column elementor-element elementor-element-f4ea0fc\" data-id=\"f4ea0fc\" data-element_type=\"column\" data-e-type=\"column\">\n\t\t\t<div class=\"elementor-widget-wrap elementor-element-populated\">\n\t\t\t\t\t\t<div class=\"elementor-element elementor-element-bee2dc5 elementor-position-top elementor-widget elementor-widget-image-box\" data-id=\"bee2dc5\" data-element_type=\"widget\" data-e-type=\"widget\" data-widget_type=\"image-box.default\">\n\t\t\t\t<div class=\"elementor-widget-container\">\n\t\t\t\t\t<div class=\"elementor-image-box-wrapper\"><figure class=\"elementor-image-box-img\"><img loading=\"lazy\" decoding=\"async\" width=\"96\" height=\"96\" src=\"https:\/\/www.incod.es\/wp-content\/uploads\/2020\/05\/6-desarrollo-software-gestion-almacen.jpg\" class=\"attachment-full size-full wp-image-519\" alt=\"Desarrollo software gestion\" \/><\/figure><div class=\"elementor-image-box-content\"><p class=\"elementor-image-box-description\">Desenvolupament de software d\u2019identificaci\u00f3 mitjan\u00e7ant lector de codis de barres i visi\u00f3 artificial<\/p><\/div><\/div>\t\t\t\t<\/div>\n\t\t\t\t<\/div>\n\t\t\t\t\t<\/div>\n\t\t<\/div>\n\t\t\t\t\t<\/div>\n\t\t<\/section>\n\t\t\t\t<\/div>\n\t\t","protected":false},"excerpt":{"rendered":"<p>Som especialistes en solucions software per la identificaci\u00f3, monitoritzaci\u00f3 i tra\u00e7abilitat de productes Desenvolupament del software personalitzat per la identificaci\u00f3 i tra\u00e7abilitat que marca la normativa GS1 (EAN128) Desenvolupament de software a mida aplicant tecnologia RFID Desenvolupament de software d\u2019etiquetat i\/o marcatge per tot tipus de l\u00ednies de producci\u00f3 Desenvolupament de software de captaci\u00f3 de &#8230; <\/p>\n<p class=\"read-more-container\"><a title=\"DESENVOLUPAMENT DE SOFTWARE\" class=\"read-more button\" href=\"https:\/\/www.incod.es\/ca\/desenvolupament-software\/#more-867\">Continue<span class=\"screen-reader-text\">DESENVOLUPAMENT DE SOFTWARE<\/span><\/a><\/p>\n","protected":false},"author":1,"featured_media":0,"parent":0,"menu_order":0,"comment_status":"closed","ping_status":"closed","template":"","meta":{"footnotes":""},"class_list":{"0":"post-867","1":"page","2":"type-page","3":"status-publish","5":"no-featured-image-padding"},"yoast_head":"<!-- This site is optimized with the Yoast SEO plugin v27.4 - https:\/\/yoast.com\/product\/yoast-seo-wordpress\/ -->\n<title>Desenvolupament de Software - INCOD<\/title>\n<meta name=\"robots\" content=\"index, follow, max-snippet:-1, max-image-preview:large, max-video-preview:-1\" \/>\n<link rel=\"canonical\" href=\"https:\/\/www.incod.es\/ca\/desenvolupament-software\/\" \/>\n<meta property=\"og:locale\" content=\"ca_ES\" \/>\n<meta property=\"og:type\" content=\"article\" \/>\n<meta property=\"og:title\" content=\"Desenvolupament de Software - INCOD\" \/>\n<meta property=\"og:description\" content=\"Som especialistes en solucions software per la identificaci\u00f3, monitoritzaci\u00f3 i tra\u00e7abilitat de productes Desenvolupament del software personalitzat per la identificaci\u00f3 i tra\u00e7abilitat que marca la normativa GS1 (EAN128) Desenvolupament de software a mida aplicant tecnologia RFID Desenvolupament de software d\u2019etiquetat i\/o marcatge per tot tipus de l\u00ednies de producci\u00f3 Desenvolupament de software de captaci\u00f3 de ... ContinueDESENVOLUPAMENT DE SOFTWARE\" \/>\n<meta property=\"og:url\" content=\"https:\/\/www.incod.es\/ca\/desenvolupament-software\/\" \/>\n<meta property=\"og:site_name\" content=\"Incod ID technological_solutions\" \/>\n<meta property=\"article:modified_time\" content=\"2020-11-17T21:41:47+00:00\" \/>\n<meta property=\"og:image\" content=\"https:\/\/www.incod.es\/wp-content\/uploads\/2020\/05\/1-desarrollo-software-medida.jpg\" \/>\n<meta name=\"twitter:card\" content=\"summary_large_image\" \/>\n<meta name=\"twitter:label1\" content=\"Temps estimat de lectura\" \/>\n\t<meta name=\"twitter:data1\" content=\"1 minut\" \/>\n<script type=\"application\/ld+json\" class=\"yoast-schema-graph\">{\"@context\":\"https:\\\/\\\/schema.org\",\"@graph\":[{\"@type\":\"WebPage\",\"@id\":\"https:\\\/\\\/www.incod.es\\\/ca\\\/desenvolupament-software\\\/\",\"url\":\"https:\\\/\\\/www.incod.es\\\/ca\\\/desenvolupament-software\\\/\",\"name\":\"Desenvolupament de Software - INCOD\",\"isPartOf\":{\"@id\":\"https:\\\/\\\/www.incod.es\\\/#website\"},\"primaryImageOfPage\":{\"@id\":\"https:\\\/\\\/www.incod.es\\\/ca\\\/desenvolupament-software\\\/#primaryimage\"},\"image\":{\"@id\":\"https:\\\/\\\/www.incod.es\\\/ca\\\/desenvolupament-software\\\/#primaryimage\"},\"thumbnailUrl\":\"https:\\\/\\\/www.incod.es\\\/wp-content\\\/uploads\\\/2020\\\/05\\\/1-desarrollo-software-medida.jpg\",\"datePublished\":\"2020-02-27T16:57:06+00:00\",\"dateModified\":\"2020-11-17T21:41:47+00:00\",\"breadcrumb\":{\"@id\":\"https:\\\/\\\/www.incod.es\\\/ca\\\/desenvolupament-software\\\/#breadcrumb\"},\"inLanguage\":\"ca\",\"potentialAction\":[{\"@type\":\"ReadAction\",\"target\":[\"https:\\\/\\\/www.incod.es\\\/ca\\\/desenvolupament-software\\\/\"]}]},{\"@type\":\"ImageObject\",\"inLanguage\":\"ca\",\"@id\":\"https:\\\/\\\/www.incod.es\\\/ca\\\/desenvolupament-software\\\/#primaryimage\",\"url\":\"https:\\\/\\\/www.incod.es\\\/wp-content\\\/uploads\\\/2020\\\/05\\\/1-desarrollo-software-medida.jpg\",\"contentUrl\":\"https:\\\/\\\/www.incod.es\\\/wp-content\\\/uploads\\\/2020\\\/05\\\/1-desarrollo-software-medida.jpg\"},{\"@type\":\"BreadcrumbList\",\"@id\":\"https:\\\/\\\/www.incod.es\\\/ca\\\/desenvolupament-software\\\/#breadcrumb\",\"itemListElement\":[{\"@type\":\"ListItem\",\"position\":1,\"name\":\"Portada\",\"item\":\"https:\\\/\\\/www.incod.es\\\/ca\\\/\"},{\"@type\":\"ListItem\",\"position\":2,\"name\":\"DESENVOLUPAMENT DE SOFTWARE\"}]},{\"@type\":\"WebSite\",\"@id\":\"https:\\\/\\\/www.incod.es\\\/#website\",\"url\":\"https:\\\/\\\/www.incod.es\\\/\",\"name\":\"Incod ID technological_solutions\",\"description\":\"Software para la industria de etiquetaje, trazabilidad y gestion almacenes\",\"publisher\":{\"@id\":\"https:\\\/\\\/www.incod.es\\\/#organization\"},\"potentialAction\":[{\"@type\":\"SearchAction\",\"target\":{\"@type\":\"EntryPoint\",\"urlTemplate\":\"https:\\\/\\\/www.incod.es\\\/?s={search_term_string}\"},\"query-input\":{\"@type\":\"PropertyValueSpecification\",\"valueRequired\":true,\"valueName\":\"search_term_string\"}}],\"inLanguage\":\"ca\"},{\"@type\":\"Organization\",\"@id\":\"https:\\\/\\\/www.incod.es\\\/#organization\",\"name\":\"Incod ID technological_solutions\",\"url\":\"https:\\\/\\\/www.incod.es\\\/\",\"logo\":{\"@type\":\"ImageObject\",\"inLanguage\":\"ca\",\"@id\":\"https:\\\/\\\/www.incod.es\\\/#\\\/schema\\\/logo\\\/image\\\/\",\"url\":\"https:\\\/\\\/www.incod.es\\\/wp-content\\\/uploads\\\/2024\\\/09\\\/cropped-incod_logo_nou.png\",\"contentUrl\":\"https:\\\/\\\/www.incod.es\\\/wp-content\\\/uploads\\\/2024\\\/09\\\/cropped-incod_logo_nou.png\",\"width\":4586,\"height\":1105,\"caption\":\"Incod ID technological_solutions\"},\"image\":{\"@id\":\"https:\\\/\\\/www.incod.es\\\/#\\\/schema\\\/logo\\\/image\\\/\"}}]}<\/script>\n<!-- \/ Yoast SEO plugin. -->","yoast_head_json":{"title":"Desenvolupament de Software - INCOD","robots":{"index":"index","follow":"follow","max-snippet":"max-snippet:-1","max-image-preview":"max-image-preview:large","max-video-preview":"max-video-preview:-1"},"canonical":"https:\/\/www.incod.es\/ca\/desenvolupament-software\/","og_locale":"ca_ES","og_type":"article","og_title":"Desenvolupament de Software - INCOD","og_description":"Som especialistes en solucions software per la identificaci\u00f3, monitoritzaci\u00f3 i tra\u00e7abilitat de productes Desenvolupament del software personalitzat per la identificaci\u00f3 i tra\u00e7abilitat que marca la normativa GS1 (EAN128) Desenvolupament de software a mida aplicant tecnologia RFID Desenvolupament de software d\u2019etiquetat i\/o marcatge per tot tipus de l\u00ednies de producci\u00f3 Desenvolupament de software de captaci\u00f3 de ... ContinueDESENVOLUPAMENT DE SOFTWARE","og_url":"https:\/\/www.incod.es\/ca\/desenvolupament-software\/","og_site_name":"Incod ID technological_solutions","article_modified_time":"2020-11-17T21:41:47+00:00","og_image":[{"url":"https:\/\/www.incod.es\/wp-content\/uploads\/2020\/05\/1-desarrollo-software-medida.jpg","type":"","width":"","height":""}],"twitter_card":"summary_large_image","twitter_misc":{"Temps estimat de lectura":"1 minut"},"schema":{"@context":"https:\/\/schema.org","@graph":[{"@type":"WebPage","@id":"https:\/\/www.incod.es\/ca\/desenvolupament-software\/","url":"https:\/\/www.incod.es\/ca\/desenvolupament-software\/","name":"Desenvolupament de Software - INCOD","isPartOf":{"@id":"https:\/\/www.incod.es\/#website"},"primaryImageOfPage":{"@id":"https:\/\/www.incod.es\/ca\/desenvolupament-software\/#primaryimage"},"image":{"@id":"https:\/\/www.incod.es\/ca\/desenvolupament-software\/#primaryimage"},"thumbnailUrl":"https:\/\/www.incod.es\/wp-content\/uploads\/2020\/05\/1-desarrollo-software-medida.jpg","datePublished":"2020-02-27T16:57:06+00:00","dateModified":"2020-11-17T21:41:47+00:00","breadcrumb":{"@id":"https:\/\/www.incod.es\/ca\/desenvolupament-software\/#breadcrumb"},"inLanguage":"ca","potentialAction":[{"@type":"ReadAction","target":["https:\/\/www.incod.es\/ca\/desenvolupament-software\/"]}]},{"@type":"ImageObject","inLanguage":"ca","@id":"https:\/\/www.incod.es\/ca\/desenvolupament-software\/#primaryimage","url":"https:\/\/www.incod.es\/wp-content\/uploads\/2020\/05\/1-desarrollo-software-medida.jpg","contentUrl":"https:\/\/www.incod.es\/wp-content\/uploads\/2020\/05\/1-desarrollo-software-medida.jpg"},{"@type":"BreadcrumbList","@id":"https:\/\/www.incod.es\/ca\/desenvolupament-software\/#breadcrumb","itemListElement":[{"@type":"ListItem","position":1,"name":"Portada","item":"https:\/\/www.incod.es\/ca\/"},{"@type":"ListItem","position":2,"name":"DESENVOLUPAMENT DE SOFTWARE"}]},{"@type":"WebSite","@id":"https:\/\/www.incod.es\/#website","url":"https:\/\/www.incod.es\/","name":"Incod ID technological_solutions","description":"Software para la industria de etiquetaje, trazabilidad y gestion almacenes","publisher":{"@id":"https:\/\/www.incod.es\/#organization"},"potentialAction":[{"@type":"SearchAction","target":{"@type":"EntryPoint","urlTemplate":"https:\/\/www.incod.es\/?s={search_term_string}"},"query-input":{"@type":"PropertyValueSpecification","valueRequired":true,"valueName":"search_term_string"}}],"inLanguage":"ca"},{"@type":"Organization","@id":"https:\/\/www.incod.es\/#organization","name":"Incod ID technological_solutions","url":"https:\/\/www.incod.es\/","logo":{"@type":"ImageObject","inLanguage":"ca","@id":"https:\/\/www.incod.es\/#\/schema\/logo\/image\/","url":"https:\/\/www.incod.es\/wp-content\/uploads\/2024\/09\/cropped-incod_logo_nou.png","contentUrl":"https:\/\/www.incod.es\/wp-content\/uploads\/2024\/09\/cropped-incod_logo_nou.png","width":4586,"height":1105,"caption":"Incod ID technological_solutions"},"image":{"@id":"https:\/\/www.incod.es\/#\/schema\/logo\/image\/"}}]}},"_links":{"self":[{"href":"https:\/\/www.incod.es\/ca\/wp-json\/wp\/v2\/pages\/867","targetHints":{"allow":["GET"]}}],"collection":[{"href":"https:\/\/www.incod.es\/ca\/wp-json\/wp\/v2\/pages"}],"about":[{"href":"https:\/\/www.incod.es\/ca\/wp-json\/wp\/v2\/types\/page"}],"author":[{"embeddable":true,"href":"https:\/\/www.incod.es\/ca\/wp-json\/wp\/v2\/users\/1"}],"replies":[{"embeddable":true,"href":"https:\/\/www.incod.es\/ca\/wp-json\/wp\/v2\/comments?post=867"}],"version-history":[{"count":4,"href":"https:\/\/www.incod.es\/ca\/wp-json\/wp\/v2\/pages\/867\/revisions"}],"predecessor-version":[{"id":1283,"href":"https:\/\/www.incod.es\/ca\/wp-json\/wp\/v2\/pages\/867\/revisions\/1283"}],"wp:attachment":[{"href":"https:\/\/www.incod.es\/ca\/wp-json\/wp\/v2\/media?parent=867"}],"curies":[{"name":"wp","href":"https:\/\/api.w.org\/{rel}","templated":true}]}}