{"id":863,"date":"2020-02-27T18:10:26","date_gmt":"2020-02-27T17:10:26","guid":{"rendered":"https:\/\/www.incod.es\/cursos-y-formacion\/"},"modified":"2020-11-17T22:41:11","modified_gmt":"2020-11-17T21:41:11","slug":"cursos-i-formacio","status":"publish","type":"page","link":"https:\/\/www.incod.es\/ca\/cursos-i-formacio\/","title":{"rendered":"cursos i formaci\u00f3"},"content":{"rendered":"\t\t<div data-elementor-type=\"wp-page\" data-elementor-id=\"863\" class=\"elementor elementor-863 elementor-321\">\n\t\t\t\t\t\t<section class=\"elementor-section elementor-top-section elementor-element elementor-element-fc34466 elementor-section-boxed elementor-section-height-default elementor-section-height-default\" data-id=\"fc34466\" data-element_type=\"section\" data-e-type=\"section\">\n\t\t\t\t\t\t<div class=\"elementor-container elementor-column-gap-default\">\n\t\t\t\t\t<div class=\"elementor-column elementor-col-100 elementor-top-column elementor-element elementor-element-8304026\" data-id=\"8304026\" data-element_type=\"column\" data-e-type=\"column\">\n\t\t\t<div class=\"elementor-widget-wrap elementor-element-populated\">\n\t\t\t\t\t\t<div class=\"elementor-element elementor-element-4dc1df7 elementor-widget elementor-widget-text-editor\" data-id=\"4dc1df7\" data-element_type=\"widget\" data-e-type=\"widget\" data-widget_type=\"text-editor.default\">\n\t\t\t\t<div class=\"elementor-widget-container\">\n\t\t\t\t\t\t\t\t\t<p><span lang=\"en-US\">Impartim cursos espec\u00edfics sobre normatives d\u2019identificaci\u00f3 i tra\u00e7abilitat<\/span><\/p>\t\t\t\t\t\t\t\t<\/div>\n\t\t\t\t<\/div>\n\t\t\t\t\t<\/div>\n\t\t<\/div>\n\t\t\t\t\t<\/div>\n\t\t<\/section>\n\t\t\t\t<section class=\"elementor-section elementor-top-section elementor-element elementor-element-f687255 elementor-section-boxed elementor-section-height-default elementor-section-height-default\" data-id=\"f687255\" data-element_type=\"section\" data-e-type=\"section\">\n\t\t\t\t\t\t<div class=\"elementor-container elementor-column-gap-default\">\n\t\t\t\t\t<div class=\"elementor-column elementor-col-33 elementor-top-column elementor-element elementor-element-e90b1b1\" data-id=\"e90b1b1\" data-element_type=\"column\" data-e-type=\"column\">\n\t\t\t<div class=\"elementor-widget-wrap elementor-element-populated\">\n\t\t\t\t\t\t<div class=\"elementor-element elementor-element-1f19eeb elementor-view-default elementor-position-block-start elementor-mobile-position-block-start elementor-widget elementor-widget-icon-box\" data-id=\"1f19eeb\" data-element_type=\"widget\" data-e-type=\"widget\" data-widget_type=\"icon-box.default\">\n\t\t\t\t<div class=\"elementor-widget-container\">\n\t\t\t\t\t\t\t<div class=\"elementor-icon-box-wrapper\">\n\n\t\t\t\t\t\t<div class=\"elementor-icon-box-icon\">\n\t\t\t\t<span  class=\"elementor-icon\">\n\t\t\t\t<i aria-hidden=\"true\" class=\"fas fa-barcode\"><\/i>\t\t\t\t<\/span>\n\t\t\t<\/div>\n\t\t\t\n\t\t\t\t\t\t<div class=\"elementor-icon-box-content\">\n\n\t\t\t\t\n\t\t\t\t\t\t\t\t\t<p class=\"elementor-icon-box-description\">\n\t\t\t\t\t\tConceptes b\u00e0sics sobre c\u00f2dis de barres\t\t\t\t\t<\/p>\n\t\t\t\t\n\t\t\t<\/div>\n\t\t\t\n\t\t<\/div>\n\t\t\t\t\t\t<\/div>\n\t\t\t\t<\/div>\n\t\t\t\t\t<\/div>\n\t\t<\/div>\n\t\t\t\t<div class=\"elementor-column elementor-col-33 elementor-top-column elementor-element elementor-element-577ee64\" data-id=\"577ee64\" data-element_type=\"column\" data-e-type=\"column\">\n\t\t\t<div class=\"elementor-widget-wrap elementor-element-populated\">\n\t\t\t\t\t\t<div class=\"elementor-element elementor-element-f322e7c elementor-view-default elementor-position-block-start elementor-mobile-position-block-start elementor-widget elementor-widget-icon-box\" data-id=\"f322e7c\" data-element_type=\"widget\" data-e-type=\"widget\" data-widget_type=\"icon-box.default\">\n\t\t\t\t<div class=\"elementor-widget-container\">\n\t\t\t\t\t\t\t<div class=\"elementor-icon-box-wrapper\">\n\n\t\t\t\t\t\t<div class=\"elementor-icon-box-icon\">\n\t\t\t\t<span  class=\"elementor-icon\">\n\t\t\t\t<i aria-hidden=\"true\" class=\"far fa-file-code\"><\/i>\t\t\t\t<\/span>\n\t\t\t<\/div>\n\t\t\t\n\t\t\t\t\t\t<div class=\"elementor-icon-box-content\">\n\n\t\t\t\t\n\t\t\t\t\t\t\t\t\t<p class=\"elementor-icon-box-description\">\n\t\t\t\t\t\tNormatives sobre codificaci\u00f3 de productes en funci\u00f3 del sector (alimentaci\u00f3, salut, automoci\u00f3, etc\u2026)\t\t\t\t\t<\/p>\n\t\t\t\t\n\t\t\t<\/div>\n\t\t\t\n\t\t<\/div>\n\t\t\t\t\t\t<\/div>\n\t\t\t\t<\/div>\n\t\t\t\t\t<\/div>\n\t\t<\/div>\n\t\t\t\t<div class=\"elementor-column elementor-col-33 elementor-top-column elementor-element elementor-element-d87560e\" data-id=\"d87560e\" data-element_type=\"column\" data-e-type=\"column\">\n\t\t\t<div class=\"elementor-widget-wrap elementor-element-populated\">\n\t\t\t\t\t\t<div class=\"elementor-element elementor-element-0ff984e elementor-position-top elementor-widget elementor-widget-image-box\" data-id=\"0ff984e\" data-element_type=\"widget\" data-e-type=\"widget\" data-widget_type=\"image-box.default\">\n\t\t\t\t<div class=\"elementor-widget-container\">\n\t\t\t\t\t<div class=\"elementor-image-box-wrapper\"><figure class=\"elementor-image-box-img\"><img decoding=\"async\" width=\"96\" height=\"96\" src=\"https:\/\/www.incod.es\/wp-content\/uploads\/2020\/05\/GS1-128.jpeg\" class=\"attachment-full size-full wp-image-523\" alt=\"\" \/><\/figure><div class=\"elementor-image-box-content\"><p class=\"elementor-image-box-description\">Estructura de dades GS1-128 (EAN128)<\/p><\/div><\/div>\t\t\t\t<\/div>\n\t\t\t\t<\/div>\n\t\t\t\t\t<\/div>\n\t\t<\/div>\n\t\t\t\t\t<\/div>\n\t\t<\/section>\n\t\t\t\t<section class=\"elementor-section elementor-top-section elementor-element elementor-element-dbacfc8 elementor-section-boxed elementor-section-height-default elementor-section-height-default\" data-id=\"dbacfc8\" data-element_type=\"section\" data-e-type=\"section\">\n\t\t\t\t\t\t<div class=\"elementor-container elementor-column-gap-default\">\n\t\t\t\t\t<div class=\"elementor-column elementor-col-33 elementor-top-column elementor-element elementor-element-c9f949d\" data-id=\"c9f949d\" data-element_type=\"column\" data-e-type=\"column\">\n\t\t\t<div class=\"elementor-widget-wrap elementor-element-populated\">\n\t\t\t\t\t\t<div class=\"elementor-element elementor-element-6c03e8b elementor-position-top elementor-widget elementor-widget-image-box\" data-id=\"6c03e8b\" data-element_type=\"widget\" data-e-type=\"widget\" data-widget_type=\"image-box.default\">\n\t\t\t\t<div class=\"elementor-widget-container\">\n\t\t\t\t\t<div class=\"elementor-image-box-wrapper\"><figure class=\"elementor-image-box-img\"><img decoding=\"async\" width=\"96\" height=\"96\" src=\"https:\/\/www.incod.es\/wp-content\/uploads\/2020\/05\/qr-damatrix.jpg\" class=\"attachment-full size-full wp-image-522\" alt=\"QR Damatrix\" \/><\/figure><div class=\"elementor-image-box-content\"><p class=\"elementor-image-box-description\">Estructura de dades GS1-Datamatrix<\/p><\/div><\/div>\t\t\t\t<\/div>\n\t\t\t\t<\/div>\n\t\t\t\t\t<\/div>\n\t\t<\/div>\n\t\t\t\t<div class=\"elementor-column elementor-col-33 elementor-top-column elementor-element elementor-element-29d1bef\" data-id=\"29d1bef\" data-element_type=\"column\" data-e-type=\"column\">\n\t\t\t<div class=\"elementor-widget-wrap elementor-element-populated\">\n\t\t\t\t\t\t<div class=\"elementor-element elementor-element-a2275da elementor-view-default elementor-position-block-start elementor-mobile-position-block-start elementor-widget elementor-widget-icon-box\" data-id=\"a2275da\" data-element_type=\"widget\" data-e-type=\"widget\" data-widget_type=\"icon-box.default\">\n\t\t\t\t<div class=\"elementor-widget-container\">\n\t\t\t\t\t\t\t<div class=\"elementor-icon-box-wrapper\">\n\n\t\t\t\t\t\t<div class=\"elementor-icon-box-icon\">\n\t\t\t\t<span  class=\"elementor-icon\">\n\t\t\t\t<i aria-hidden=\"true\" class=\"fas fa-wifi\"><\/i>\t\t\t\t<\/span>\n\t\t\t<\/div>\n\t\t\t\n\t\t\t\t\t\t<div class=\"elementor-icon-box-content\">\n\n\t\t\t\t\n\t\t\t\t\t\t\t\t\t<p class=\"elementor-icon-box-description\">\n\t\t\t\t\t\tTecnologies de la identificaci\u00f3 i radiofreq\u00fc\u00e8ncia: RFID, NFC \t\t\t\t\t<\/p>\n\t\t\t\t\n\t\t\t<\/div>\n\t\t\t\n\t\t<\/div>\n\t\t\t\t\t\t<\/div>\n\t\t\t\t<\/div>\n\t\t\t\t\t<\/div>\n\t\t<\/div>\n\t\t\t\t<div class=\"elementor-column elementor-col-33 elementor-top-column elementor-element elementor-element-4548da6\" data-id=\"4548da6\" data-element_type=\"column\" data-e-type=\"column\">\n\t\t\t<div class=\"elementor-widget-wrap elementor-element-populated\">\n\t\t\t\t\t\t<div class=\"elementor-element elementor-element-d167600 elementor-view-default elementor-position-block-start elementor-mobile-position-block-start elementor-widget elementor-widget-icon-box\" data-id=\"d167600\" data-element_type=\"widget\" data-e-type=\"widget\" data-widget_type=\"icon-box.default\">\n\t\t\t\t<div class=\"elementor-widget-container\">\n\t\t\t\t\t\t\t<div class=\"elementor-icon-box-wrapper\">\n\n\t\t\t\t\t\t<div class=\"elementor-icon-box-icon\">\n\t\t\t\t<span  class=\"elementor-icon\">\n\t\t\t\t<i aria-hidden=\"true\" class=\"far fa-keyboard\"><\/i>\t\t\t\t<\/span>\n\t\t\t<\/div>\n\t\t\t\n\t\t\t\t\t\t<div class=\"elementor-icon-box-content\">\n\n\t\t\t\t\n\t\t\t\t\t\t\t\t\t<p class=\"elementor-icon-box-description\">\n\t\t\t\t\t\tCursos per inform\u00e0tics\/programadors\t\t\t\t\t<\/p>\n\t\t\t\t\n\t\t\t<\/div>\n\t\t\t\n\t\t<\/div>\n\t\t\t\t\t\t<\/div>\n\t\t\t\t<\/div>\n\t\t\t\t\t<\/div>\n\t\t<\/div>\n\t\t\t\t\t<\/div>\n\t\t<\/section>\n\t\t\t\t<\/div>\n\t\t","protected":false},"excerpt":{"rendered":"<p>Impartim cursos espec\u00edfics sobre normatives d\u2019identificaci\u00f3 i tra\u00e7abilitat Conceptes b\u00e0sics sobre c\u00f2dis de barres Normatives sobre codificaci\u00f3 de productes en funci\u00f3 del sector (alimentaci\u00f3, salut, automoci\u00f3, etc\u2026) Estructura de dades GS1-128 (EAN128) Estructura de dades GS1-Datamatrix Tecnologies de la identificaci\u00f3 i radiofreq\u00fc\u00e8ncia: RFID, NFC Cursos per inform\u00e0tics\/programadors<\/p>\n","protected":false},"author":1,"featured_media":0,"parent":0,"menu_order":0,"comment_status":"closed","ping_status":"closed","template":"","meta":{"footnotes":""},"class_list":{"0":"post-863","1":"page","2":"type-page","3":"status-publish","5":"no-featured-image-padding"},"yoast_head":"<!-- This site is optimized with the Yoast SEO plugin v27.4 - https:\/\/yoast.com\/product\/yoast-seo-wordpress\/ -->\n<title>Cursos i Formaci\u00f3 a INCOD<\/title>\n<meta name=\"robots\" content=\"index, follow, max-snippet:-1, max-image-preview:large, max-video-preview:-1\" \/>\n<link rel=\"canonical\" href=\"https:\/\/www.incod.es\/ca\/cursos-i-formacio\/\" \/>\n<meta property=\"og:locale\" content=\"ca_ES\" \/>\n<meta property=\"og:type\" content=\"article\" \/>\n<meta property=\"og:title\" content=\"Cursos i Formaci\u00f3 a INCOD\" \/>\n<meta property=\"og:description\" content=\"Impartim cursos espec\u00edfics sobre normatives d\u2019identificaci\u00f3 i tra\u00e7abilitat Conceptes b\u00e0sics sobre c\u00f2dis de barres Normatives sobre codificaci\u00f3 de productes en funci\u00f3 del sector (alimentaci\u00f3, salut, automoci\u00f3, etc\u2026) Estructura de dades GS1-128 (EAN128) Estructura de dades GS1-Datamatrix Tecnologies de la identificaci\u00f3 i radiofreq\u00fc\u00e8ncia: RFID, NFC Cursos per inform\u00e0tics\/programadors\" \/>\n<meta property=\"og:url\" content=\"https:\/\/www.incod.es\/ca\/cursos-i-formacio\/\" \/>\n<meta property=\"og:site_name\" content=\"Incod ID technological_solutions\" \/>\n<meta property=\"article:modified_time\" content=\"2020-11-17T21:41:11+00:00\" \/>\n<meta property=\"og:image\" content=\"https:\/\/www.incod.es\/wp-content\/uploads\/2020\/05\/GS1-128.jpeg\" \/>\n<meta name=\"twitter:card\" content=\"summary_large_image\" \/>\n<script type=\"application\/ld+json\" class=\"yoast-schema-graph\">{\"@context\":\"https:\\\/\\\/schema.org\",\"@graph\":[{\"@type\":\"WebPage\",\"@id\":\"https:\\\/\\\/www.incod.es\\\/ca\\\/cursos-i-formacio\\\/\",\"url\":\"https:\\\/\\\/www.incod.es\\\/ca\\\/cursos-i-formacio\\\/\",\"name\":\"Cursos i Formaci\u00f3 a INCOD\",\"isPartOf\":{\"@id\":\"https:\\\/\\\/www.incod.es\\\/#website\"},\"primaryImageOfPage\":{\"@id\":\"https:\\\/\\\/www.incod.es\\\/ca\\\/cursos-i-formacio\\\/#primaryimage\"},\"image\":{\"@id\":\"https:\\\/\\\/www.incod.es\\\/ca\\\/cursos-i-formacio\\\/#primaryimage\"},\"thumbnailUrl\":\"https:\\\/\\\/www.incod.es\\\/wp-content\\\/uploads\\\/2020\\\/05\\\/GS1-128.jpeg\",\"datePublished\":\"2020-02-27T17:10:26+00:00\",\"dateModified\":\"2020-11-17T21:41:11+00:00\",\"breadcrumb\":{\"@id\":\"https:\\\/\\\/www.incod.es\\\/ca\\\/cursos-i-formacio\\\/#breadcrumb\"},\"inLanguage\":\"ca\",\"potentialAction\":[{\"@type\":\"ReadAction\",\"target\":[\"https:\\\/\\\/www.incod.es\\\/ca\\\/cursos-i-formacio\\\/\"]}]},{\"@type\":\"ImageObject\",\"inLanguage\":\"ca\",\"@id\":\"https:\\\/\\\/www.incod.es\\\/ca\\\/cursos-i-formacio\\\/#primaryimage\",\"url\":\"https:\\\/\\\/www.incod.es\\\/wp-content\\\/uploads\\\/2020\\\/05\\\/GS1-128.jpeg\",\"contentUrl\":\"https:\\\/\\\/www.incod.es\\\/wp-content\\\/uploads\\\/2020\\\/05\\\/GS1-128.jpeg\"},{\"@type\":\"BreadcrumbList\",\"@id\":\"https:\\\/\\\/www.incod.es\\\/ca\\\/cursos-i-formacio\\\/#breadcrumb\",\"itemListElement\":[{\"@type\":\"ListItem\",\"position\":1,\"name\":\"Portada\",\"item\":\"https:\\\/\\\/www.incod.es\\\/ca\\\/\"},{\"@type\":\"ListItem\",\"position\":2,\"name\":\"cursos i formaci\u00f3\"}]},{\"@type\":\"WebSite\",\"@id\":\"https:\\\/\\\/www.incod.es\\\/#website\",\"url\":\"https:\\\/\\\/www.incod.es\\\/\",\"name\":\"Incod ID technological_solutions\",\"description\":\"Software para la industria de etiquetaje, trazabilidad y gestion almacenes\",\"publisher\":{\"@id\":\"https:\\\/\\\/www.incod.es\\\/#organization\"},\"potentialAction\":[{\"@type\":\"SearchAction\",\"target\":{\"@type\":\"EntryPoint\",\"urlTemplate\":\"https:\\\/\\\/www.incod.es\\\/?s={search_term_string}\"},\"query-input\":{\"@type\":\"PropertyValueSpecification\",\"valueRequired\":true,\"valueName\":\"search_term_string\"}}],\"inLanguage\":\"ca\"},{\"@type\":\"Organization\",\"@id\":\"https:\\\/\\\/www.incod.es\\\/#organization\",\"name\":\"Incod ID technological_solutions\",\"url\":\"https:\\\/\\\/www.incod.es\\\/\",\"logo\":{\"@type\":\"ImageObject\",\"inLanguage\":\"ca\",\"@id\":\"https:\\\/\\\/www.incod.es\\\/#\\\/schema\\\/logo\\\/image\\\/\",\"url\":\"https:\\\/\\\/www.incod.es\\\/wp-content\\\/uploads\\\/2024\\\/09\\\/cropped-incod_logo_nou.png\",\"contentUrl\":\"https:\\\/\\\/www.incod.es\\\/wp-content\\\/uploads\\\/2024\\\/09\\\/cropped-incod_logo_nou.png\",\"width\":4586,\"height\":1105,\"caption\":\"Incod ID technological_solutions\"},\"image\":{\"@id\":\"https:\\\/\\\/www.incod.es\\\/#\\\/schema\\\/logo\\\/image\\\/\"}}]}<\/script>\n<!-- \/ Yoast SEO plugin. -->","yoast_head_json":{"title":"Cursos i Formaci\u00f3 a INCOD","robots":{"index":"index","follow":"follow","max-snippet":"max-snippet:-1","max-image-preview":"max-image-preview:large","max-video-preview":"max-video-preview:-1"},"canonical":"https:\/\/www.incod.es\/ca\/cursos-i-formacio\/","og_locale":"ca_ES","og_type":"article","og_title":"Cursos i Formaci\u00f3 a INCOD","og_description":"Impartim cursos espec\u00edfics sobre normatives d\u2019identificaci\u00f3 i tra\u00e7abilitat Conceptes b\u00e0sics sobre c\u00f2dis de barres Normatives sobre codificaci\u00f3 de productes en funci\u00f3 del sector (alimentaci\u00f3, salut, automoci\u00f3, etc\u2026) Estructura de dades GS1-128 (EAN128) Estructura de dades GS1-Datamatrix Tecnologies de la identificaci\u00f3 i radiofreq\u00fc\u00e8ncia: RFID, NFC Cursos per inform\u00e0tics\/programadors","og_url":"https:\/\/www.incod.es\/ca\/cursos-i-formacio\/","og_site_name":"Incod ID technological_solutions","article_modified_time":"2020-11-17T21:41:11+00:00","og_image":[{"url":"https:\/\/www.incod.es\/wp-content\/uploads\/2020\/05\/GS1-128.jpeg","type":"","width":"","height":""}],"twitter_card":"summary_large_image","schema":{"@context":"https:\/\/schema.org","@graph":[{"@type":"WebPage","@id":"https:\/\/www.incod.es\/ca\/cursos-i-formacio\/","url":"https:\/\/www.incod.es\/ca\/cursos-i-formacio\/","name":"Cursos i Formaci\u00f3 a INCOD","isPartOf":{"@id":"https:\/\/www.incod.es\/#website"},"primaryImageOfPage":{"@id":"https:\/\/www.incod.es\/ca\/cursos-i-formacio\/#primaryimage"},"image":{"@id":"https:\/\/www.incod.es\/ca\/cursos-i-formacio\/#primaryimage"},"thumbnailUrl":"https:\/\/www.incod.es\/wp-content\/uploads\/2020\/05\/GS1-128.jpeg","datePublished":"2020-02-27T17:10:26+00:00","dateModified":"2020-11-17T21:41:11+00:00","breadcrumb":{"@id":"https:\/\/www.incod.es\/ca\/cursos-i-formacio\/#breadcrumb"},"inLanguage":"ca","potentialAction":[{"@type":"ReadAction","target":["https:\/\/www.incod.es\/ca\/cursos-i-formacio\/"]}]},{"@type":"ImageObject","inLanguage":"ca","@id":"https:\/\/www.incod.es\/ca\/cursos-i-formacio\/#primaryimage","url":"https:\/\/www.incod.es\/wp-content\/uploads\/2020\/05\/GS1-128.jpeg","contentUrl":"https:\/\/www.incod.es\/wp-content\/uploads\/2020\/05\/GS1-128.jpeg"},{"@type":"BreadcrumbList","@id":"https:\/\/www.incod.es\/ca\/cursos-i-formacio\/#breadcrumb","itemListElement":[{"@type":"ListItem","position":1,"name":"Portada","item":"https:\/\/www.incod.es\/ca\/"},{"@type":"ListItem","position":2,"name":"cursos i formaci\u00f3"}]},{"@type":"WebSite","@id":"https:\/\/www.incod.es\/#website","url":"https:\/\/www.incod.es\/","name":"Incod ID technological_solutions","description":"Software para la industria de etiquetaje, trazabilidad y gestion almacenes","publisher":{"@id":"https:\/\/www.incod.es\/#organization"},"potentialAction":[{"@type":"SearchAction","target":{"@type":"EntryPoint","urlTemplate":"https:\/\/www.incod.es\/?s={search_term_string}"},"query-input":{"@type":"PropertyValueSpecification","valueRequired":true,"valueName":"search_term_string"}}],"inLanguage":"ca"},{"@type":"Organization","@id":"https:\/\/www.incod.es\/#organization","name":"Incod ID technological_solutions","url":"https:\/\/www.incod.es\/","logo":{"@type":"ImageObject","inLanguage":"ca","@id":"https:\/\/www.incod.es\/#\/schema\/logo\/image\/","url":"https:\/\/www.incod.es\/wp-content\/uploads\/2024\/09\/cropped-incod_logo_nou.png","contentUrl":"https:\/\/www.incod.es\/wp-content\/uploads\/2024\/09\/cropped-incod_logo_nou.png","width":4586,"height":1105,"caption":"Incod ID technological_solutions"},"image":{"@id":"https:\/\/www.incod.es\/#\/schema\/logo\/image\/"}}]}},"_links":{"self":[{"href":"https:\/\/www.incod.es\/ca\/wp-json\/wp\/v2\/pages\/863","targetHints":{"allow":["GET"]}}],"collection":[{"href":"https:\/\/www.incod.es\/ca\/wp-json\/wp\/v2\/pages"}],"about":[{"href":"https:\/\/www.incod.es\/ca\/wp-json\/wp\/v2\/types\/page"}],"author":[{"embeddable":true,"href":"https:\/\/www.incod.es\/ca\/wp-json\/wp\/v2\/users\/1"}],"replies":[{"embeddable":true,"href":"https:\/\/www.incod.es\/ca\/wp-json\/wp\/v2\/comments?post=863"}],"version-history":[{"count":4,"href":"https:\/\/www.incod.es\/ca\/wp-json\/wp\/v2\/pages\/863\/revisions"}],"predecessor-version":[{"id":1282,"href":"https:\/\/www.incod.es\/ca\/wp-json\/wp\/v2\/pages\/863\/revisions\/1282"}],"wp:attachment":[{"href":"https:\/\/www.incod.es\/ca\/wp-json\/wp\/v2\/media?parent=863"}],"curies":[{"name":"wp","href":"https:\/\/api.w.org\/{rel}","templated":true}]}}