{"id":848,"date":"2018-09-15T02:24:25","date_gmt":"2018-09-15T02:24:25","guid":{"rendered":"https:\/\/www.incod.es\/home\/"},"modified":"2021-05-11T10:50:19","modified_gmt":"2021-05-11T08:50:19","slug":"home","status":"publish","type":"page","link":"https:\/\/www.incod.es\/ca\/","title":{"rendered":"Incod &#8211;  Soluciones en software industrial"},"content":{"rendered":"\t\t<div data-elementor-type=\"wp-page\" data-elementor-id=\"848\" class=\"elementor elementor-848 elementor-15\">\n\t\t\t\t\t\t<section class=\"elementor-section elementor-top-section elementor-element elementor-element-3dd132e5 elementor-section-boxed elementor-section-height-default elementor-section-height-default\" data-id=\"3dd132e5\" data-element_type=\"section\" data-e-type=\"section\" data-settings=\"{&quot;background_background&quot;:&quot;classic&quot;}\">\n\t\t\t\t\t\t<div class=\"elementor-container elementor-column-gap-default\">\n\t\t\t\t\t<div class=\"elementor-column elementor-col-100 elementor-top-column elementor-element elementor-element-52b9c6ba\" data-id=\"52b9c6ba\" data-element_type=\"column\" data-e-type=\"column\">\n\t\t\t<div class=\"elementor-widget-wrap elementor-element-populated\">\n\t\t\t\t\t\t<div class=\"elementor-element elementor-element-7b4d3b14 elementor-widget elementor-widget-text-editor\" data-id=\"7b4d3b14\" data-element_type=\"widget\" data-e-type=\"widget\" data-widget_type=\"text-editor.default\">\n\t\t\t\t<div class=\"elementor-widget-container\">\n\t\t\t\t\t\t\t\t\t<h1 class=\"home-slogan\">Especialistes en software per a la identificaci\u00f3, monitoratge i tra\u00e7abilitat de productes<\/h1>\t\t\t\t\t\t\t\t<\/div>\n\t\t\t\t<\/div>\n\t\t\t\t\t<\/div>\n\t\t<\/div>\n\t\t\t\t\t<\/div>\n\t\t<\/section>\n\t\t\t\t<section class=\"elementor-section elementor-top-section elementor-element elementor-element-af6f9a6 elementor-section-boxed elementor-section-height-default elementor-section-height-default\" data-id=\"af6f9a6\" data-element_type=\"section\" data-e-type=\"section\">\n\t\t\t\t\t\t<div class=\"elementor-container elementor-column-gap-default\">\n\t\t\t\t\t<div class=\"elementor-column elementor-col-50 elementor-top-column elementor-element elementor-element-5461015\" data-id=\"5461015\" data-element_type=\"column\" data-e-type=\"column\">\n\t\t\t<div class=\"elementor-widget-wrap elementor-element-populated\">\n\t\t\t\t\t\t<div class=\"elementor-element elementor-element-4308bca elementor-position-top elementor-widget elementor-widget-image-box\" data-id=\"4308bca\" data-element_type=\"widget\" data-e-type=\"widget\" data-widget_type=\"image-box.default\">\n\t\t\t\t<div class=\"elementor-widget-container\">\n\t\t\t\t\t<div class=\"elementor-image-box-wrapper\"><figure class=\"elementor-image-box-img\"><a href=\"https:\/\/www.incod.es\/sistema-de-identificacion\/\" tabindex=\"-1\"><img decoding=\"async\" width=\"200\" height=\"184\" src=\"https:\/\/www.incod.es\/wp-content\/uploads\/2020\/02\/solucion-integral-de-identificaci\u00f3n.jpg\" class=\"attachment-full size-full wp-image-301\" alt=\"SOLUCI\u00d3N INTEGRAL PARA EL ETIQUETADO Y MARCAJE\" \/><\/a><\/figure><div class=\"elementor-image-box-content\"><h3 class=\"elementor-image-box-title\"><a href=\"https:\/\/www.incod.es\/sistema-de-identificacion\/\">SOLUCI\u00d3 INTEGRAL PER A l'ETIQUETATGE I MARCATGE \u200b<\/a><\/h3><p class=\"elementor-image-box-description\">Una soluci\u00f3 integrada per a gestionar la identificaci\u00f3 de productes en tota mena de l\u00ednies de producci\u00f3. POWER ID permet identificar el producte a trav\u00e9s de sistemes inkjet, laser i transfer\u00e8ncia t\u00e8rmica. El software pot adaptar-se a equips de qualsevol fabricant de marcadors i aplicadors d'etiquetes del mercat. POWER ID pot integrar-se amb el ERP que disposi el client.<br><br> <br><\/p><\/div><\/div>\t\t\t\t<\/div>\n\t\t\t\t<\/div>\n\t\t\t\t\t<\/div>\n\t\t<\/div>\n\t\t\t\t<div class=\"elementor-column elementor-col-50 elementor-top-column elementor-element elementor-element-b684acf\" data-id=\"b684acf\" data-element_type=\"column\" data-e-type=\"column\">\n\t\t\t<div class=\"elementor-widget-wrap elementor-element-populated\">\n\t\t\t\t\t\t<div class=\"elementor-element elementor-element-1dc2c99 elementor-position-top elementor-widget elementor-widget-image-box\" data-id=\"1dc2c99\" data-element_type=\"widget\" data-e-type=\"widget\" data-widget_type=\"image-box.default\">\n\t\t\t\t<div class=\"elementor-widget-container\">\n\t\t\t\t\t<div class=\"elementor-image-box-wrapper\"><figure class=\"elementor-image-box-img\"><a href=\"https:\/\/www.incod.es\/software-de-diseno-de-etiquetas\/\" tabindex=\"-1\"><img decoding=\"async\" width=\"200\" height=\"184\" src=\"https:\/\/www.incod.es\/wp-content\/uploads\/2020\/02\/dise\u00f1o-etiquetas.jpg\" class=\"attachment-full size-full wp-image-302\" alt=\"SOFTWARE DE DISE\u00d1O DE ETIQUETAS\" \/><\/a><\/figure><div class=\"elementor-image-box-content\"><h3 class=\"elementor-image-box-title\"><a href=\"https:\/\/www.incod.es\/software-de-diseno-de-etiquetas\/\">SOFTWARE DE DISSENY D'ETIQUETES<\/a><\/h3><p class=\"elementor-image-box-description\">Codelab \u00e9s un software que permet crear tot tipus de dissenys d'etiquetes de manera senzilla per a l'usuari. Aquest software incorpora tota la tipologia de codis de barres m\u00e9s utilitzada del mercat (1D i 2D), a m\u00e9s d'un assistent per a crear codis amb normativa GS1 internacional tant per a GS1-128 com per a GS1 Datamatrix. Codelab disposa d'un m\u00f2dul d'impressi\u00f3 autom\u00e0tica perqu\u00e8 pugui ser gestionat des d'un sistema extern, aix\u00ed com una llibreria SDK per a imprimir etiquetes de programes de tercers. \u200b<\/p><\/div><\/div>\t\t\t\t<\/div>\n\t\t\t\t<\/div>\n\t\t\t\t\t<\/div>\n\t\t<\/div>\n\t\t\t\t\t<\/div>\n\t\t<\/section>\n\t\t\t\t<section class=\"elementor-section elementor-top-section elementor-element elementor-element-057be0d elementor-section-boxed elementor-section-height-default elementor-section-height-default\" data-id=\"057be0d\" data-element_type=\"section\" data-e-type=\"section\">\n\t\t\t\t\t\t<div class=\"elementor-container elementor-column-gap-default\">\n\t\t\t\t\t<div class=\"elementor-column elementor-col-50 elementor-top-column elementor-element elementor-element-cdbee0b\" data-id=\"cdbee0b\" data-element_type=\"column\" data-e-type=\"column\">\n\t\t\t<div class=\"elementor-widget-wrap elementor-element-populated\">\n\t\t\t\t\t\t<div class=\"elementor-element elementor-element-aec148f elementor-position-top elementor-widget elementor-widget-image-box\" data-id=\"aec148f\" data-element_type=\"widget\" data-e-type=\"widget\" data-widget_type=\"image-box.default\">\n\t\t\t\t<div class=\"elementor-widget-container\">\n\t\t\t\t\t<div class=\"elementor-image-box-wrapper\"><figure class=\"elementor-image-box-img\"><a href=\"https:\/\/www.incod.es\/gestion-integral-de-trazabilidad\/\" tabindex=\"-1\"><img decoding=\"async\" width=\"200\" height=\"184\" src=\"https:\/\/www.incod.es\/wp-content\/uploads\/2020\/02\/gestion-integral-trazabilidad.png\" class=\"attachment-full size-full wp-image-303\" alt=\"GESTI\u00d3N INTEGRAL DE TRAZABILIDAD\" \/><\/a><\/figure><div class=\"elementor-image-box-content\"><h3 class=\"elementor-image-box-title\"><a href=\"https:\/\/www.incod.es\/gestion-integral-de-trazabilidad\/\"> GESTI\u00d3 INTEGRAL DE TRA\u00c7ABILITAT<\/a><\/h3><p class=\"elementor-image-box-description\">Nexus ID centralitza l'administraci\u00f3 de les dades de etiquetaje i tra\u00e7abilitat des d'un \u00fanic panell de gesti\u00f3. \u00c9s una plataforma basada Asp.net MVC 5, que disposa d'una interface web d'usuari que permet associar un format d'etiqueta a un producte, gestionar i visualitzar formats d'etiquetes, realitzar impressi\u00f3 d'etiquetes en impressores connectades en xarxa, visualitzar l'estat dels treballs d'impressi\u00f3, etc. Nexus ID mant\u00e9 els equips de producci\u00f3 amb el software sempre actualitzat.<\/p><\/div><\/div>\t\t\t\t<\/div>\n\t\t\t\t<\/div>\n\t\t\t\t\t<\/div>\n\t\t<\/div>\n\t\t\t\t<div class=\"elementor-column elementor-col-50 elementor-top-column elementor-element elementor-element-34bf585\" data-id=\"34bf585\" data-element_type=\"column\" data-e-type=\"column\">\n\t\t\t<div class=\"elementor-widget-wrap elementor-element-populated\">\n\t\t\t\t\t\t<div class=\"elementor-element elementor-element-497ffe8 elementor-position-top elementor-widget elementor-widget-image-box\" data-id=\"497ffe8\" data-element_type=\"widget\" data-e-type=\"widget\" data-widget_type=\"image-box.default\">\n\t\t\t\t<div class=\"elementor-widget-container\">\n\t\t\t\t\t<div class=\"elementor-image-box-wrapper\"><figure class=\"elementor-image-box-img\"><a href=\"https:\/\/www.incod.es\/ca\/software-gestio-de-magatzem-alma\/\" tabindex=\"-1\"><img loading=\"lazy\" decoding=\"async\" width=\"200\" height=\"184\" src=\"https:\/\/www.incod.es\/wp-content\/uploads\/2020\/11\/solucion-gestion-almacen.jpg\" class=\"attachment-full size-full wp-image-1241\" alt=\"solucion-gestion-almacen\" \/><\/a><\/figure><div class=\"elementor-image-box-content\"><h3 class=\"elementor-image-box-title\"><a href=\"https:\/\/www.incod.es\/ca\/software-gestio-de-magatzem-alma\/\"> SOLUCI\u00d3 PER A LA GESTI\u00d3 DE MAGATZEM<\/a><\/h3><p class=\"elementor-image-box-description\">ALMA \u00e9s una soluci\u00f3 que permet gestionar de manera integral un magatzem log\u00edstic, pot controlar un producte des de la seva entrada a magatzem fins a la seva expedici\u00f3. La soluci\u00f3 ofereix a l'usuari agilitat i mobilitat per a realitzar pr\u00e0cticament totes les operatives de la gesti\u00f3 del magatzem des d'un terminal m\u00f2bil, i gr\u00e0cies a la seva estricta pol\u00edtica d'usuaris, el sistema permet un control m\u00e0xim dels operaris i les operatives que pot realitzar cadascun, evitant errors i optimitzant recursos.<\/p><\/div><\/div>\t\t\t\t<\/div>\n\t\t\t\t<\/div>\n\t\t\t\t\t<\/div>\n\t\t<\/div>\n\t\t\t\t\t<\/div>\n\t\t<\/section>\n\t\t\t\t<section class=\"elementor-section elementor-top-section elementor-element elementor-element-7ae404f elementor-section-full_width elementor-section-height-default elementor-section-height-default\" data-id=\"7ae404f\" data-element_type=\"section\" data-e-type=\"section\">\n\t\t\t\t\t\t<div class=\"elementor-container elementor-column-gap-default\">\n\t\t\t\t\t<div class=\"elementor-column elementor-col-33 elementor-top-column elementor-element elementor-element-53be37d\" data-id=\"53be37d\" data-element_type=\"column\" data-e-type=\"column\" data-settings=\"{&quot;background_background&quot;:&quot;classic&quot;}\">\n\t\t\t<div class=\"elementor-widget-wrap elementor-element-populated\">\n\t\t\t\t\t\t<div class=\"elementor-element elementor-element-69733bb elementor-widget elementor-widget-text-editor\" data-id=\"69733bb\" data-element_type=\"widget\" data-e-type=\"widget\" data-widget_type=\"text-editor.default\">\n\t\t\t\t<div class=\"elementor-widget-container\">\n\t\t\t\t\t\t\t\t\t<p><strong>Desenvolupament de software<br \/><\/strong><a class=\"button ghost\" href=\"desenvolupament-software\/\">VEURE MES<\/a><\/p>\t\t\t\t\t\t\t\t<\/div>\n\t\t\t\t<\/div>\n\t\t\t\t\t<\/div>\n\t\t<\/div>\n\t\t\t\t<div class=\"elementor-column elementor-col-33 elementor-top-column elementor-element elementor-element-564e9f2\" data-id=\"564e9f2\" data-element_type=\"column\" data-e-type=\"column\" data-settings=\"{&quot;background_background&quot;:&quot;classic&quot;}\">\n\t\t\t<div class=\"elementor-widget-wrap elementor-element-populated\">\n\t\t\t\t\t\t<div class=\"elementor-element elementor-element-0274eb6 elementor-widget elementor-widget-text-editor\" data-id=\"0274eb6\" data-element_type=\"widget\" data-e-type=\"widget\" data-widget_type=\"text-editor.default\">\n\t\t\t\t<div class=\"elementor-widget-container\">\n\t\t\t\t\t\t\t\t\t<p><strong>Consultoria<br \/><\/strong><a class=\"button ghost\" href=\"consultoria\/\">VEURE MES<\/a><\/p>\t\t\t\t\t\t\t\t<\/div>\n\t\t\t\t<\/div>\n\t\t\t\t\t<\/div>\n\t\t<\/div>\n\t\t\t\t<div class=\"elementor-column elementor-col-33 elementor-top-column elementor-element elementor-element-eba1766\" data-id=\"eba1766\" data-element_type=\"column\" data-e-type=\"column\" data-settings=\"{&quot;background_background&quot;:&quot;classic&quot;}\">\n\t\t\t<div class=\"elementor-widget-wrap elementor-element-populated\">\n\t\t\t\t\t\t<div class=\"elementor-element elementor-element-9aae0c0 elementor-widget elementor-widget-text-editor\" data-id=\"9aae0c0\" data-element_type=\"widget\" data-e-type=\"widget\" data-widget_type=\"text-editor.default\">\n\t\t\t\t<div class=\"elementor-widget-container\">\n\t\t\t\t\t\t\t\t\t<p><strong>Formaci\u00f3<br \/><\/strong><a class=\"button ghost\" href=\"\/cursos-i-formacio\/\">VEURE MES<\/a><\/p>\t\t\t\t\t\t\t\t<\/div>\n\t\t\t\t<\/div>\n\t\t\t\t\t<\/div>\n\t\t<\/div>\n\t\t\t\t\t<\/div>\n\t\t<\/section>\n\t\t\t\t<\/div>\n\t\t","protected":false},"excerpt":{"rendered":"<p>Especialistes en software per a la identificaci\u00f3, monitoratge i tra\u00e7abilitat de productes SOLUCI\u00d3 INTEGRAL PER A l&#8217;ETIQUETATGE I MARCATGE \u200b Una soluci\u00f3 integrada per a gestionar la identificaci\u00f3 de productes en tota mena de l\u00ednies de producci\u00f3. POWER ID permet identificar el producte a trav\u00e9s de sistemes inkjet, laser i transfer\u00e8ncia t\u00e8rmica. El software pot &#8230; <\/p>\n<p class=\"read-more-container\"><a title=\"Incod &#8211;  Soluciones en software industrial\" class=\"read-more button\" href=\"https:\/\/www.incod.es\/ca\/#more-848\">Continue<span class=\"screen-reader-text\">Incod &#8211;  Soluciones en software industrial<\/span><\/a><\/p>\n","protected":false},"author":1,"featured_media":0,"parent":0,"menu_order":0,"comment_status":"closed","ping_status":"closed","template":"","meta":{"footnotes":""},"class_list":{"0":"post-848","1":"page","2":"type-page","3":"status-publish","5":"no-featured-image-padding"},"yoast_head":"<!-- This site is optimized with the Yoast SEO plugin v27.4 - https:\/\/yoast.com\/product\/yoast-seo-wordpress\/ -->\n<title>INCOD - Oferim solucions en Software industrial<\/title>\n<meta name=\"description\" content=\"En Incod som especialistes en software per a la identificaci\u00f3, monitoratge i tra\u00e7abilitat de productes. Veure m\u00e9s informaci\u00f3 -&gt;\" \/>\n<meta name=\"robots\" content=\"index, follow, max-snippet:-1, max-image-preview:large, max-video-preview:-1\" \/>\n<link rel=\"canonical\" href=\"https:\/\/www.incod.es\/ca\/\" \/>\n<meta property=\"og:locale\" content=\"ca_ES\" \/>\n<meta property=\"og:type\" content=\"article\" \/>\n<meta property=\"og:title\" content=\"INCOD - Oferim solucions en Software industrial\" \/>\n<meta property=\"og:description\" content=\"En Incod som especialistes en software per a la identificaci\u00f3, monitoratge i tra\u00e7abilitat de productes. Veure m\u00e9s informaci\u00f3 -&gt;\" \/>\n<meta property=\"og:url\" content=\"https:\/\/www.incod.es\/ca\/\" \/>\n<meta property=\"og:site_name\" content=\"Incod ID technological_solutions\" \/>\n<meta property=\"article:modified_time\" content=\"2021-05-11T08:50:19+00:00\" \/>\n<meta property=\"og:image\" content=\"https:\/\/www.incod.es\/wp-content\/uploads\/2020\/02\/gestion-integral-trazabilidad.png\" \/>\n<meta name=\"twitter:card\" content=\"summary_large_image\" \/>\n<meta name=\"twitter:label1\" content=\"Temps estimat de lectura\" \/>\n\t<meta name=\"twitter:data1\" content=\"3 minuts\" \/>\n<script type=\"application\/ld+json\" class=\"yoast-schema-graph\">{\"@context\":\"https:\\\/\\\/schema.org\",\"@graph\":[{\"@type\":\"WebPage\",\"@id\":\"https:\\\/\\\/www.incod.es\\\/ca\\\/\",\"url\":\"https:\\\/\\\/www.incod.es\\\/ca\\\/\",\"name\":\"INCOD - Oferim solucions en Software industrial\",\"isPartOf\":{\"@id\":\"https:\\\/\\\/www.incod.es\\\/#website\"},\"primaryImageOfPage\":{\"@id\":\"https:\\\/\\\/www.incod.es\\\/ca\\\/#primaryimage\"},\"image\":{\"@id\":\"https:\\\/\\\/www.incod.es\\\/ca\\\/#primaryimage\"},\"thumbnailUrl\":\"https:\\\/\\\/www.incod.es\\\/wp-content\\\/uploads\\\/2020\\\/02\\\/gestion-integral-trazabilidad.png\",\"datePublished\":\"2018-09-15T02:24:25+00:00\",\"dateModified\":\"2021-05-11T08:50:19+00:00\",\"description\":\"En Incod som especialistes en software per a la identificaci\u00f3, monitoratge i tra\u00e7abilitat de productes. Veure m\u00e9s informaci\u00f3 ->\",\"breadcrumb\":{\"@id\":\"https:\\\/\\\/www.incod.es\\\/ca\\\/#breadcrumb\"},\"inLanguage\":\"ca\",\"potentialAction\":[{\"@type\":\"ReadAction\",\"target\":[\"https:\\\/\\\/www.incod.es\\\/ca\\\/\"]}]},{\"@type\":\"ImageObject\",\"inLanguage\":\"ca\",\"@id\":\"https:\\\/\\\/www.incod.es\\\/ca\\\/#primaryimage\",\"url\":\"https:\\\/\\\/www.incod.es\\\/wp-content\\\/uploads\\\/2020\\\/02\\\/gestion-integral-trazabilidad.png\",\"contentUrl\":\"https:\\\/\\\/www.incod.es\\\/wp-content\\\/uploads\\\/2020\\\/02\\\/gestion-integral-trazabilidad.png\"},{\"@type\":\"BreadcrumbList\",\"@id\":\"https:\\\/\\\/www.incod.es\\\/ca\\\/#breadcrumb\",\"itemListElement\":[{\"@type\":\"ListItem\",\"position\":1,\"name\":\"Portada\",\"item\":\"https:\\\/\\\/www.incod.es\\\/ca\\\/\"},{\"@type\":\"ListItem\",\"position\":2,\"name\":\"Incod &#8211; Soluciones en software industrial\"}]},{\"@type\":\"WebSite\",\"@id\":\"https:\\\/\\\/www.incod.es\\\/#website\",\"url\":\"https:\\\/\\\/www.incod.es\\\/\",\"name\":\"Incod ID technological_solutions\",\"description\":\"Software para la industria de etiquetaje, trazabilidad y gestion almacenes\",\"publisher\":{\"@id\":\"https:\\\/\\\/www.incod.es\\\/#organization\"},\"potentialAction\":[{\"@type\":\"SearchAction\",\"target\":{\"@type\":\"EntryPoint\",\"urlTemplate\":\"https:\\\/\\\/www.incod.es\\\/?s={search_term_string}\"},\"query-input\":{\"@type\":\"PropertyValueSpecification\",\"valueRequired\":true,\"valueName\":\"search_term_string\"}}],\"inLanguage\":\"ca\"},{\"@type\":\"Organization\",\"@id\":\"https:\\\/\\\/www.incod.es\\\/#organization\",\"name\":\"Incod ID technological_solutions\",\"url\":\"https:\\\/\\\/www.incod.es\\\/\",\"logo\":{\"@type\":\"ImageObject\",\"inLanguage\":\"ca\",\"@id\":\"https:\\\/\\\/www.incod.es\\\/#\\\/schema\\\/logo\\\/image\\\/\",\"url\":\"https:\\\/\\\/www.incod.es\\\/wp-content\\\/uploads\\\/2024\\\/09\\\/cropped-incod_logo_nou.png\",\"contentUrl\":\"https:\\\/\\\/www.incod.es\\\/wp-content\\\/uploads\\\/2024\\\/09\\\/cropped-incod_logo_nou.png\",\"width\":4586,\"height\":1105,\"caption\":\"Incod ID technological_solutions\"},\"image\":{\"@id\":\"https:\\\/\\\/www.incod.es\\\/#\\\/schema\\\/logo\\\/image\\\/\"}}]}<\/script>\n<!-- \/ Yoast SEO plugin. -->","yoast_head_json":{"title":"INCOD - Oferim solucions en Software industrial","description":"En Incod som especialistes en software per a la identificaci\u00f3, monitoratge i tra\u00e7abilitat de productes. Veure m\u00e9s informaci\u00f3 ->","robots":{"index":"index","follow":"follow","max-snippet":"max-snippet:-1","max-image-preview":"max-image-preview:large","max-video-preview":"max-video-preview:-1"},"canonical":"https:\/\/www.incod.es\/ca\/","og_locale":"ca_ES","og_type":"article","og_title":"INCOD - Oferim solucions en Software industrial","og_description":"En Incod som especialistes en software per a la identificaci\u00f3, monitoratge i tra\u00e7abilitat de productes. Veure m\u00e9s informaci\u00f3 ->","og_url":"https:\/\/www.incod.es\/ca\/","og_site_name":"Incod ID technological_solutions","article_modified_time":"2021-05-11T08:50:19+00:00","og_image":[{"url":"https:\/\/www.incod.es\/wp-content\/uploads\/2020\/02\/gestion-integral-trazabilidad.png","type":"","width":"","height":""}],"twitter_card":"summary_large_image","twitter_misc":{"Temps estimat de lectura":"3 minuts"},"schema":{"@context":"https:\/\/schema.org","@graph":[{"@type":"WebPage","@id":"https:\/\/www.incod.es\/ca\/","url":"https:\/\/www.incod.es\/ca\/","name":"INCOD - Oferim solucions en Software industrial","isPartOf":{"@id":"https:\/\/www.incod.es\/#website"},"primaryImageOfPage":{"@id":"https:\/\/www.incod.es\/ca\/#primaryimage"},"image":{"@id":"https:\/\/www.incod.es\/ca\/#primaryimage"},"thumbnailUrl":"https:\/\/www.incod.es\/wp-content\/uploads\/2020\/02\/gestion-integral-trazabilidad.png","datePublished":"2018-09-15T02:24:25+00:00","dateModified":"2021-05-11T08:50:19+00:00","description":"En Incod som especialistes en software per a la identificaci\u00f3, monitoratge i tra\u00e7abilitat de productes. Veure m\u00e9s informaci\u00f3 ->","breadcrumb":{"@id":"https:\/\/www.incod.es\/ca\/#breadcrumb"},"inLanguage":"ca","potentialAction":[{"@type":"ReadAction","target":["https:\/\/www.incod.es\/ca\/"]}]},{"@type":"ImageObject","inLanguage":"ca","@id":"https:\/\/www.incod.es\/ca\/#primaryimage","url":"https:\/\/www.incod.es\/wp-content\/uploads\/2020\/02\/gestion-integral-trazabilidad.png","contentUrl":"https:\/\/www.incod.es\/wp-content\/uploads\/2020\/02\/gestion-integral-trazabilidad.png"},{"@type":"BreadcrumbList","@id":"https:\/\/www.incod.es\/ca\/#breadcrumb","itemListElement":[{"@type":"ListItem","position":1,"name":"Portada","item":"https:\/\/www.incod.es\/ca\/"},{"@type":"ListItem","position":2,"name":"Incod &#8211; Soluciones en software industrial"}]},{"@type":"WebSite","@id":"https:\/\/www.incod.es\/#website","url":"https:\/\/www.incod.es\/","name":"Incod ID technological_solutions","description":"Software para la industria de etiquetaje, trazabilidad y gestion almacenes","publisher":{"@id":"https:\/\/www.incod.es\/#organization"},"potentialAction":[{"@type":"SearchAction","target":{"@type":"EntryPoint","urlTemplate":"https:\/\/www.incod.es\/?s={search_term_string}"},"query-input":{"@type":"PropertyValueSpecification","valueRequired":true,"valueName":"search_term_string"}}],"inLanguage":"ca"},{"@type":"Organization","@id":"https:\/\/www.incod.es\/#organization","name":"Incod ID technological_solutions","url":"https:\/\/www.incod.es\/","logo":{"@type":"ImageObject","inLanguage":"ca","@id":"https:\/\/www.incod.es\/#\/schema\/logo\/image\/","url":"https:\/\/www.incod.es\/wp-content\/uploads\/2024\/09\/cropped-incod_logo_nou.png","contentUrl":"https:\/\/www.incod.es\/wp-content\/uploads\/2024\/09\/cropped-incod_logo_nou.png","width":4586,"height":1105,"caption":"Incod ID technological_solutions"},"image":{"@id":"https:\/\/www.incod.es\/#\/schema\/logo\/image\/"}}]}},"_links":{"self":[{"href":"https:\/\/www.incod.es\/ca\/wp-json\/wp\/v2\/pages\/848","targetHints":{"allow":["GET"]}}],"collection":[{"href":"https:\/\/www.incod.es\/ca\/wp-json\/wp\/v2\/pages"}],"about":[{"href":"https:\/\/www.incod.es\/ca\/wp-json\/wp\/v2\/types\/page"}],"author":[{"embeddable":true,"href":"https:\/\/www.incod.es\/ca\/wp-json\/wp\/v2\/users\/1"}],"replies":[{"embeddable":true,"href":"https:\/\/www.incod.es\/ca\/wp-json\/wp\/v2\/comments?post=848"}],"version-history":[{"count":26,"href":"https:\/\/www.incod.es\/ca\/wp-json\/wp\/v2\/pages\/848\/revisions"}],"predecessor-version":[{"id":1626,"href":"https:\/\/www.incod.es\/ca\/wp-json\/wp\/v2\/pages\/848\/revisions\/1626"}],"wp:attachment":[{"href":"https:\/\/www.incod.es\/ca\/wp-json\/wp\/v2\/media?parent=848"}],"curies":[{"name":"wp","href":"https:\/\/api.w.org\/{rel}","templated":true}]}}